{"id":427,"date":"2020-03-31T15:51:19","date_gmt":"2020-03-31T14:51:19","guid":{"rendered":"https:\/\/the7.io\/online-courses\/?page_id=427"},"modified":"2021-04-16T12:23:48","modified_gmt":"2021-04-16T10:23:48","slug":"blog","status":"publish","type":"page","link":"https:\/\/reqiu.eu\/pl\/blog\/","title":{"rendered":"Blog"},"content":{"rendered":"<div data-elementor-type=\"wp-page\" data-elementor-id=\"427\" class=\"elementor elementor-427\" data-elementor-post-type=\"page\">\n\t\t\t\t\t\t<section class=\"elementor-section elementor-top-section elementor-element elementor-element-7f8352e elementor-section-boxed elementor-section-height-default elementor-section-height-default\" data-id=\"7f8352e\" data-element_type=\"section\" data-e-type=\"section\">\n\t\t\t\t\t\t<div class=\"elementor-container elementor-column-gap-wider\">\n\t\t\t\t\t<div class=\"elementor-column elementor-col-100 elementor-top-column elementor-element elementor-element-0fc5dca\" data-id=\"0fc5dca\" data-element_type=\"column\" data-e-type=\"column\">\n\t\t\t<div class=\"elementor-widget-wrap elementor-element-populated\">\n\t\t\t\t\t\t<div class=\"elementor-element elementor-element-a950041 preserve-img-ratio-cover elementor-widget elementor-widget-the7_elements\" data-id=\"a950041\" data-element_type=\"widget\" data-e-type=\"widget\" data-widget_type=\"the7_elements.default\">\n\t\t\t\t<div class=\"elementor-widget-container\">\n\t\t\t\t\t<div class=\"portfolio-shortcode the7-elementor-widget the7_elements-a950041 mode-masonry classic-layout-list description-under-image meta-info-off content-bg-on resize-by-browser-width loading-effect-none enable-pagination-scroll jquery-filter\" data-padding=\"40px\" data-mobile-columns-num=\"1\" data-tablet-columns-num=\"3\" data-desktop-columns-num=\"2\" data-wide-desktop-columns-num=\"2\" data-post-limit=\"6\" data-pagination-mode=\"pages\" data-scroll-offset=\"0\" aria-live=\"assertive\"><div class=\"iso-container dt-isotope custom-iso-columns\"><div class=\"visible wf-cell iso-item\" data-post-id=\"2819\" data-date=\"2021-01-07T13:29:56+01:00\" data-name=\"Podsumowanie Roku 2020\"><article class=\"post visible post-2819 type-post status-publish format-standard has-post-thumbnail hentry category-blog tag-blog category-20 description-off\" data-name=\"Podsumowanie Roku 2020\" data-date=\"2021-01-07T13:29:56+01:00\">\n\n\t<div class=\"post-thumbnail-wrap\">\n\t\t<div class=\"post-thumbnail\">\n\n\t\t\t<a class=\"post-thumbnail-rollover layzr-bg img-css-resize-wrapper\" aria-label=\"Post image\" href=\"https:\/\/reqiu.eu\/pl\/podsumowanie-roku-2020\/\"><img fetchpriority=\"high\" decoding=\"async\" width=\"1191\" height=\"595\" src=\"data:image\/svg+xml,%3Csvg%20xmlns%3D&#039;http%3A%2F%2Fwww.w3.org%2F2000%2Fsvg&#039;%20viewBox%3D&#039;0%200%201191%20595&#039;%2F%3E\" class=\"attachment-full size-full preload-me aspect lazy lazy-load\" alt=\"Podsumowanie Roku 2020\" sizes=\"(max-width: 1191px) 100vw, 1191px\" style=\"--ratio: 1191 \/ 595;\" data-src=\"https:\/\/reqiu.eu\/wp-content\/uploads\/2021\/01\/blogPodsumowanie.jpg\" loading=\"eager\" data-srcset=\"https:\/\/reqiu.eu\/wp-content\/uploads\/2021\/01\/blogPodsumowanie.jpg 1191w, https:\/\/reqiu.eu\/wp-content\/uploads\/2021\/01\/blogPodsumowanie-300x150.jpg 300w, https:\/\/reqiu.eu\/wp-content\/uploads\/2021\/01\/blogPodsumowanie-1024x512.jpg 1024w, https:\/\/reqiu.eu\/wp-content\/uploads\/2021\/01\/blogPodsumowanie-768x384.jpg 768w\" \/><span class=\"the7-hover-icon\"><i aria-hidden=\"true\" class=\"fas fa-book-open\"><\/i><\/span><\/a>\n\t\t<\/div>\n\t<\/div>\n\n\n<div class=\"post-entry-content\">\n\n\t<h3 class=\"ele-entry-title\"><a href=\"https:\/\/reqiu.eu\/pl\/podsumowanie-roku-2020\/\" rel=\"bookmark\" title=\"Podsumowanie Roku 2020\">Podsumowanie Roku 2020<\/a><\/h3><div class=\"entry-excerpt\"><p>Koniec roku to czas podsumowa\u0144, nie tylko tych osobistych, ale i biznesowych. Z tej okazji, postanowili\u015bmy si\u0119 podzieli\u0107 tym, co uda\u0142o nam si\u0119 osi\u0105gn\u0105\u0107 we wsp\u00f3\u0142pracy z naszymi klientami. W tym wpisie, przeanalizujemy 3 kluczowe aspekty dotycz\u0105ce procesu rekrutacyjnego, w szczeg\u00f3lno\u015bci procesu oceny kandydat\u00f3w, kt\u00f3re uda\u0142o si\u0119 znacz\u0105co poprawi\u0107 dzi\u0119ki wykorzystaniu ReQiu. B\u0119dziemy przygl\u0105da\u0107 si\u0119&hellip;<\/p>\n<\/div><a href=\"https:\/\/reqiu.eu\/pl\/podsumowanie-roku-2020\/\" target=\"\" aria-label=\"Read more about Podsumowanie Roku 2020\" class=\"box-button elementor-button elementor-size-xs\">Zobacz wi\u0119cej<\/a>\n<\/div><\/article><\/div><div class=\"visible wf-cell iso-item\" data-post-id=\"2818\" data-date=\"2020-10-21T19:30:17+02:00\" data-name=\"Jak skutecznie zrekrutowa\u0107 pracownika w 4 krokach?\"><article class=\"post visible post-2818 type-post status-publish format-standard has-post-thumbnail hentry category-blog tag-blog category-20 description-off\" data-name=\"Jak skutecznie zrekrutowa\u0107 pracownika w 4 krokach?\" data-date=\"2020-10-21T19:30:17+02:00\">\n\n\t<div class=\"post-thumbnail-wrap\">\n\t\t<div class=\"post-thumbnail\">\n\n\t\t\t<a class=\"post-thumbnail-rollover layzr-bg img-css-resize-wrapper\" aria-label=\"Post image\" href=\"https:\/\/reqiu.eu\/pl\/jak-skutecznie-zrekrutowac-pracownika-w-4-krokach\/\"><img decoding=\"async\" width=\"942\" height=\"471\" src=\"data:image\/svg+xml,%3Csvg%20xmlns%3D&#039;http%3A%2F%2Fwww.w3.org%2F2000%2Fsvg&#039;%20viewBox%3D&#039;0%200%20942%20471&#039;%2F%3E\" class=\"attachment-full size-full preload-me aspect lazy lazy-load\" alt=\"Jak skutecznie zrekrutowa\u0107 pracownika w 4 krokach?\" sizes=\"(max-width: 942px) 100vw, 942px\" style=\"--ratio: 942 \/ 471;\" data-src=\"https:\/\/reqiu.eu\/wp-content\/uploads\/2020\/10\/blogJak.jpg\" loading=\"eager\" data-srcset=\"https:\/\/reqiu.eu\/wp-content\/uploads\/2020\/10\/blogJak.jpg 942w, https:\/\/reqiu.eu\/wp-content\/uploads\/2020\/10\/blogJak-300x150.jpg 300w, https:\/\/reqiu.eu\/wp-content\/uploads\/2020\/10\/blogJak-768x384.jpg 768w\" \/><span class=\"the7-hover-icon\"><i aria-hidden=\"true\" class=\"fas fa-book-open\"><\/i><\/span><\/a>\n\t\t<\/div>\n\t<\/div>\n\n\n<div class=\"post-entry-content\">\n\n\t<h3 class=\"ele-entry-title\"><a href=\"https:\/\/reqiu.eu\/pl\/jak-skutecznie-zrekrutowac-pracownika-w-4-krokach\/\" rel=\"bookmark\" title=\"Jak skutecznie zrekrutowa\u0107 pracownika w 4 krokach?\">Jak skutecznie zrekrutowa\u0107 pracownika w 4 krokach?<\/a><\/h3><div class=\"entry-excerpt\"><p>Wydawa\u0142oby si\u0119, \u017ce wybranie kandydata do pracy nie jest szczeg\u00f3lnie trudnym zadaniem. Wiemy kogo szukamy \u2013 to my jako pracodawca stawiamy oczekiwania, kt\u00f3re potencjalny kandydat ma spe\u0142ni\u0107. Nast\u0119pnie wystawiamy og\u0142oszenie o prac\u0119, aplikacje sp\u0142ywaj\u0105, spotykamy si\u0119 z wybranymi kandydatami i finalnie wybieramy najlepsz\u0105&nbsp;osob\u0119. Sprawa nie jest jednak tak prosta, a stoi za tym kilka powod\u00f3w.&hellip;<\/p>\n<\/div><a href=\"https:\/\/reqiu.eu\/pl\/jak-skutecznie-zrekrutowac-pracownika-w-4-krokach\/\" target=\"\" aria-label=\"Read more about Jak skutecznie zrekrutowa\u0107 pracownika w 4 krokach?\" class=\"box-button elementor-button elementor-size-xs\">Zobacz wi\u0119cej<\/a>\n<\/div><\/article><\/div><div class=\"visible wf-cell iso-item\" data-post-id=\"2604\" data-date=\"2020-10-15T20:18:16+02:00\" data-name=\"Dlaczego warto bada\u0107 osobowo\u015b\u0107 w procesach rekrutacji?\"><article class=\"post visible post-2604 type-post status-publish format-standard has-post-thumbnail hentry category-blog tag-blog category-20 description-off\" data-name=\"Dlaczego warto bada\u0107 osobowo\u015b\u0107 w procesach rekrutacji?\" data-date=\"2020-10-15T20:18:16+02:00\">\n\n\t<div class=\"post-thumbnail-wrap\">\n\t\t<div class=\"post-thumbnail\">\n\n\t\t\t<a class=\"post-thumbnail-rollover layzr-bg img-css-resize-wrapper\" aria-label=\"Post image\" href=\"https:\/\/reqiu.eu\/pl\/dlaczego-warto-badac-osobowosc-w-procesach-rekrutacji\/\"><img decoding=\"async\" width=\"1037\" height=\"518\" src=\"data:image\/svg+xml,%3Csvg%20xmlns%3D&#039;http%3A%2F%2Fwww.w3.org%2F2000%2Fsvg&#039;%20viewBox%3D&#039;0%200%201037%20518&#039;%2F%3E\" class=\"attachment-full size-full preload-me aspect lazy lazy-load\" alt=\"Dlaczego warto bada\u0107 osobowo\u015b\u0107 w procesach rekrutacji?\" sizes=\"(max-width: 1037px) 100vw, 1037px\" style=\"--ratio: 1037 \/ 518;\" data-src=\"https:\/\/reqiu.eu\/wp-content\/uploads\/2020\/10\/blogDlaczego.jpg\" loading=\"eager\" data-srcset=\"https:\/\/reqiu.eu\/wp-content\/uploads\/2020\/10\/blogDlaczego.jpg 1037w, https:\/\/reqiu.eu\/wp-content\/uploads\/2020\/10\/blogDlaczego-300x150.jpg 300w, https:\/\/reqiu.eu\/wp-content\/uploads\/2020\/10\/blogDlaczego-1024x512.jpg 1024w, https:\/\/reqiu.eu\/wp-content\/uploads\/2020\/10\/blogDlaczego-768x384.jpg 768w\" \/><span class=\"the7-hover-icon\"><i aria-hidden=\"true\" class=\"fas fa-book-open\"><\/i><\/span><\/a>\n\t\t<\/div>\n\t<\/div>\n\n\n<div class=\"post-entry-content\">\n\n\t<h3 class=\"ele-entry-title\"><a href=\"https:\/\/reqiu.eu\/pl\/dlaczego-warto-badac-osobowosc-w-procesach-rekrutacji\/\" rel=\"bookmark\" title=\"Dlaczego warto bada\u0107 osobowo\u015b\u0107 w procesach rekrutacji?\">Dlaczego warto bada\u0107 osobowo\u015b\u0107 w procesach rekrutacji?<\/a><\/h3><div class=\"entry-excerpt\"><p>Proces rekrutacji jest bardzo z\u0142o\u017cony, a o jego sukcesie decyduje wiele aspekt\u00f3w.&nbsp; Czynnik ludzki, dost\u0119p do zbyt w\u0105skiego grona kandydat\u00f3w, ograniczony czas &#8211; to tylko kilka spo\u015br\u00f3d sk\u0142adowych, kt\u00f3re mog\u0105 przes\u0105dzi\u0107 o nieudanej rekrutacji.&nbsp; Nieudana rekrutacja to z kolei wysokie straty dla przesi\u0119biorstwa &#8211; zar\u00f3wno w kontek\u015bcie koszt\u00f3w zwi\u0105zanych z konieczno\u015bci\u0105 ponowienia procesu, jak i&hellip;<\/p>\n<\/div><a href=\"https:\/\/reqiu.eu\/pl\/dlaczego-warto-badac-osobowosc-w-procesach-rekrutacji\/\" target=\"\" aria-label=\"Read more about Dlaczego warto bada\u0107 osobowo\u015b\u0107 w procesach rekrutacji?\" class=\"box-button elementor-button elementor-size-xs\">Zobacz wi\u0119cej<\/a>\n<\/div><\/article><\/div><div class=\"visible wf-cell iso-item\" data-post-id=\"2621\" data-date=\"2020-06-10T13:40:42+02:00\" data-name=\"Sk\u0105d game-based assessment?    |   cz\u0119\u015b\u0107 II\"><article class=\"post visible post-2621 type-post status-publish format-standard has-post-thumbnail hentry category-blog tag-blog category-20 description-off\" data-name=\"Sk\u0105d game-based assessment?    |   cz\u0119\u015b\u0107 II\" data-date=\"2020-06-10T13:40:42+02:00\">\n\n\t<div class=\"post-thumbnail-wrap\">\n\t\t<div class=\"post-thumbnail\">\n\n\t\t\t<a class=\"post-thumbnail-rollover layzr-bg img-css-resize-wrapper\" aria-label=\"Post image\" href=\"https:\/\/reqiu.eu\/pl\/skad-game-based-assessment-czesc-ii\/\"><img decoding=\"async\" width=\"1120\" height=\"560\" src=\"data:image\/svg+xml,%3Csvg%20xmlns%3D&#039;http%3A%2F%2Fwww.w3.org%2F2000%2Fsvg&#039;%20viewBox%3D&#039;0%200%201120%20560&#039;%2F%3E\" class=\"attachment-full size-full preload-me aspect lazy lazy-load\" alt=\"Sk\u0105d game-based assessment? wpis\" sizes=\"(max-width: 1120px) 100vw, 1120px\" style=\"--ratio: 1120 \/ 560;\" data-src=\"https:\/\/reqiu.eu\/wp-content\/uploads\/2020\/06\/blogSkadGBA2.jpg\" loading=\"eager\" data-srcset=\"https:\/\/reqiu.eu\/wp-content\/uploads\/2020\/06\/blogSkadGBA2.jpg 1120w, https:\/\/reqiu.eu\/wp-content\/uploads\/2020\/06\/blogSkadGBA2-300x150.jpg 300w, https:\/\/reqiu.eu\/wp-content\/uploads\/2020\/06\/blogSkadGBA2-1024x512.jpg 1024w, https:\/\/reqiu.eu\/wp-content\/uploads\/2020\/06\/blogSkadGBA2-768x384.jpg 768w\" \/><span class=\"the7-hover-icon\"><i aria-hidden=\"true\" class=\"fas fa-book-open\"><\/i><\/span><\/a>\n\t\t<\/div>\n\t<\/div>\n\n\n<div class=\"post-entry-content\">\n\n\t<h3 class=\"ele-entry-title\"><a href=\"https:\/\/reqiu.eu\/pl\/skad-game-based-assessment-czesc-ii\/\" rel=\"bookmark\" title=\"Sk\u0105d game-based assessment?    |   cz\u0119\u015b\u0107 II\">Sk\u0105d game-based assessment?    |   cz\u0119\u015b\u0107 II<\/a><\/h3><div class=\"entry-excerpt\"><p>W ostatnim wpisie zaj\u0119li\u015bmy si\u0119 pokr\u00f3tce wyja\u015bnieniem czym jest game-based assessment, a tak\u017ce opisem pierwszej, z dw\u00f3ch g\u0142\u00f3wnych przyczyn pojawienia si\u0119 gier maj\u0105cych wspomaga\u0107 proces rekrutacyjnych w firmach. Dzi\u015b chcieliby\u015bmy zaj\u0105\u0107 si\u0119 drug\u0105 z nich, znacznie bardziej z\u0142o\u017con\u0105, bo u podstaw powi\u0105zan\u0105 z fundamentalnymi dylematami ca\u0142ej dziedziny psychologii i mo\u017cliwo\u015bciami psychometrii (pomiar\u00f3w psychologicznych). Ale zacznijmy&hellip;<\/p>\n<\/div><a href=\"https:\/\/reqiu.eu\/pl\/skad-game-based-assessment-czesc-ii\/\" target=\"\" aria-label=\"Read more about Sk\u0105d game-based assessment?    |   cz\u0119\u015b\u0107 II\" class=\"box-button elementor-button elementor-size-xs\">Zobacz wi\u0119cej<\/a>\n<\/div><\/article><\/div><div class=\"visible wf-cell iso-item\" data-post-id=\"2817\" data-date=\"2020-05-10T13:33:31+02:00\" data-name=\"Sk\u0105d game-based assessment?    |   cz\u0119\u015b\u0107 I\"><article class=\"post visible post-2817 type-post status-publish format-standard has-post-thumbnail hentry category-blog tag-blog\" data-name=\"Sk\u0105d game-based assessment?    |   cz\u0119\u015b\u0107 I\" data-date=\"2020-05-10T13:33:31+02:00\">\n\n\t<div class=\"post-thumbnail-wrap\">\n\t\t<div class=\"post-thumbnail\">\n\n\t\t\t<a class=\"post-thumbnail-rollover layzr-bg img-css-resize-wrapper\" aria-label=\"Post image\" href=\"https:\/\/reqiu.eu\/pl\/skad-game-based-assessment\/\"><img decoding=\"async\" width=\"1120\" height=\"560\" src=\"data:image\/svg+xml,%3Csvg%20xmlns%3D&#039;http%3A%2F%2Fwww.w3.org%2F2000%2Fsvg&#039;%20viewBox%3D&#039;0%200%201120%20560&#039;%2F%3E\" class=\"attachment-full size-full preload-me aspect lazy lazy-load\" alt=\"Sk\u0105d game-based assessment?\" sizes=\"(max-width: 1120px) 100vw, 1120px\" style=\"--ratio: 1120 \/ 560;\" data-src=\"https:\/\/reqiu.eu\/wp-content\/uploads\/2020\/05\/blogSkadGBA.jpg\" loading=\"eager\" data-srcset=\"https:\/\/reqiu.eu\/wp-content\/uploads\/2020\/05\/blogSkadGBA.jpg 1120w, https:\/\/reqiu.eu\/wp-content\/uploads\/2020\/05\/blogSkadGBA-300x150.jpg 300w, https:\/\/reqiu.eu\/wp-content\/uploads\/2020\/05\/blogSkadGBA-1024x512.jpg 1024w, https:\/\/reqiu.eu\/wp-content\/uploads\/2020\/05\/blogSkadGBA-768x384.jpg 768w\" \/><span class=\"the7-hover-icon\"><i aria-hidden=\"true\" class=\"fas fa-book-open\"><\/i><\/span><\/a>\n\t\t<\/div>\n\t<\/div>\n\n\n<div class=\"post-entry-content\">\n\n\t<h3 class=\"ele-entry-title\"><a href=\"https:\/\/reqiu.eu\/pl\/skad-game-based-assessment\/\" rel=\"bookmark\" title=\"Sk\u0105d game-based assessment?    |   cz\u0119\u015b\u0107 I\">Sk\u0105d game-based assessment?    |   cz\u0119\u015b\u0107 I<\/a><\/h3><div class=\"entry-excerpt\"><p>Co to jest? Co znaczy sformu\u0142owanie&nbsp;game-based assessment? W najprostszym t\u0142umaczeniu s\u0105 to po prostu \u201coceny oparte na grach\u201d. Pod tym sformu\u0142owaniem kryj\u0105 si\u0119 gry specjalnie zaprojektowane w celu wsparcia procesu rekrutacyjnego poprzez zaawansowany i rozbudowany pomiar r\u00f3\u017cnorodnych cech indywidualnych potencjalnych pracownik\u00f3w. Gra\u0107 znaczy chcie\u0107 Sk\u0105d pomys\u0142, \u017ceby ocenia\u0107 potencjalnych pracownik\u00f3w za pomoc\u0105 gier komputerowych? Mo\u017cna&hellip;<\/p>\n<\/div><a href=\"https:\/\/reqiu.eu\/pl\/skad-game-based-assessment\/\" target=\"\" aria-label=\"Read more about Sk\u0105d game-based assessment?    |   cz\u0119\u015b\u0107 I\" class=\"box-button elementor-button elementor-size-xs\">Zobacz wi\u0119cej<\/a>\n<\/div><\/article><\/div><\/div><!-- iso-container|iso-grid --><div class=\"paginator filter-decorations filter-pointer-underline filter-animation-fade\" role=\"navigation\"><\/div><\/div>\t\t\t\t<\/div>\n\t\t\t\t<\/div>\n\t\t\t\t\t<\/div>\n\t\t<\/div>\n\t\t\t\t\t<\/div>\n\t\t<\/section>\n\t\t\t\t<\/div>","protected":false},"excerpt":{"rendered":"<p>Podsumowanie Roku 2020 Koniec roku to czas podsumowa\u0144, nie tylko tych osobistych, ale i biznesowych. Z tej okazji, postanowili\u015bmy si\u0119 podzieli\u0107 tym, co uda\u0142o nam si\u0119 osi\u0105gn\u0105\u0107 we wsp\u00f3\u0142pracy z naszymi klientami. W tym wpisie, przeanalizujemy 3 kluczowe aspekty dotycz\u0105ce procesu rekrutacyjnego, w szczeg\u00f3lno\u015bci procesu oceny kandydat\u00f3w, kt\u00f3re uda\u0142o si\u0119 znacz\u0105co poprawi\u0107 dzi\u0119ki wykorzystaniu ReQiu.&hellip;<\/p>","protected":false},"author":1,"featured_media":0,"parent":0,"menu_order":60,"comment_status":"closed","ping_status":"closed","template":"elementor_header_footer","meta":{"inline_featured_image":false,"footnotes":""},"class_list":["post-427","page","type-page","status-publish","hentry"],"yoast_head":"<!-- This site is optimized with the Yoast SEO plugin v27.3 - https:\/\/yoast.com\/product\/yoast-seo-wordpress\/ -->\n<title>Blog - ReQiu\u00ae Personality<\/title>\n<meta name=\"robots\" content=\"index, follow, max-snippet:-1, max-image-preview:large, max-video-preview:-1\" \/>\n<link rel=\"canonical\" href=\"https:\/\/reqiu.eu\/pl\/blog\/\" \/>\n<meta property=\"og:locale\" content=\"pl_PL\" \/>\n<meta property=\"og:type\" content=\"article\" \/>\n<meta property=\"og:title\" content=\"Blog - ReQiu\u00ae Personality\" \/>\n<meta property=\"og:description\" content=\"Podsumowanie Roku 2020 Koniec roku to czas podsumowa\u0144, nie tylko tych osobistych, ale i biznesowych. Z tej okazji, postanowili\u015bmy si\u0119 podzieli\u0107 tym, co uda\u0142o nam si\u0119 osi\u0105gn\u0105\u0107 we wsp\u00f3\u0142pracy z naszymi klientami. W tym wpisie, przeanalizujemy 3 kluczowe aspekty dotycz\u0105ce procesu rekrutacyjnego, w szczeg\u00f3lno\u015bci procesu oceny kandydat\u00f3w, kt\u00f3re uda\u0142o si\u0119 znacz\u0105co poprawi\u0107 dzi\u0119ki wykorzystaniu ReQiu.&hellip;\" \/>\n<meta property=\"og:url\" content=\"https:\/\/reqiu.eu\/pl\/blog\/\" \/>\n<meta property=\"og:site_name\" content=\"ReQiu\u00ae Personality\" \/>\n<meta property=\"article:modified_time\" content=\"2021-04-16T10:23:48+00:00\" \/>\n<meta property=\"og:image\" content=\"data:image\/svg+xml,%3Csvg%20xmlns%3D&#39;http%3A%2F%2Fwww.w3.org%2F2000%2Fsvg&#39;%20viewBox%3D&#39;0%200%20768%20512&#39;%2F%3E\" \/>\n<meta name=\"twitter:card\" content=\"summary_large_image\" \/>\n<meta name=\"twitter:label1\" content=\"Szacowany czas czytania\" \/>\n\t<meta name=\"twitter:data1\" content=\"5 minut\" \/>\n<script type=\"application\/ld+json\" class=\"yoast-schema-graph\">{\"@context\":\"https:\\\/\\\/schema.org\",\"@graph\":[{\"@type\":\"WebPage\",\"@id\":\"https:\\\/\\\/reqiu.eu\\\/blog\\\/\",\"url\":\"https:\\\/\\\/reqiu.eu\\\/blog\\\/\",\"name\":\"Blog - ReQiu\u00ae Personality\",\"isPartOf\":{\"@id\":\"https:\\\/\\\/reqiu.eu\\\/#website\"},\"datePublished\":\"2020-03-31T14:51:19+00:00\",\"dateModified\":\"2021-04-16T10:23:48+00:00\",\"breadcrumb\":{\"@id\":\"https:\\\/\\\/reqiu.eu\\\/blog\\\/#breadcrumb\"},\"inLanguage\":\"pl-PL\",\"potentialAction\":[{\"@type\":\"ReadAction\",\"target\":[\"https:\\\/\\\/reqiu.eu\\\/blog\\\/\"]}]},{\"@type\":\"BreadcrumbList\",\"@id\":\"https:\\\/\\\/reqiu.eu\\\/blog\\\/#breadcrumb\",\"itemListElement\":[{\"@type\":\"ListItem\",\"position\":1,\"name\":\"Home\",\"item\":\"https:\\\/\\\/reqiu.eu\\\/\"},{\"@type\":\"ListItem\",\"position\":2,\"name\":\"Blog\"}]},{\"@type\":\"WebSite\",\"@id\":\"https:\\\/\\\/reqiu.eu\\\/#website\",\"url\":\"https:\\\/\\\/reqiu.eu\\\/\",\"name\":\"ReQiu\u00ae Personality\",\"description\":\"Game-based assessment\",\"publisher\":{\"@id\":\"https:\\\/\\\/reqiu.eu\\\/#organization\"},\"potentialAction\":[{\"@type\":\"SearchAction\",\"target\":{\"@type\":\"EntryPoint\",\"urlTemplate\":\"https:\\\/\\\/reqiu.eu\\\/?s={search_term_string}\"},\"query-input\":{\"@type\":\"PropertyValueSpecification\",\"valueRequired\":true,\"valueName\":\"search_term_string\"}}],\"inLanguage\":\"pl-PL\"},{\"@type\":\"Organization\",\"@id\":\"https:\\\/\\\/reqiu.eu\\\/#organization\",\"name\":\"ReQiu\u00ae Personality\",\"url\":\"https:\\\/\\\/reqiu.eu\\\/\",\"logo\":{\"@type\":\"ImageObject\",\"inLanguage\":\"pl-PL\",\"@id\":\"https:\\\/\\\/reqiu.eu\\\/#\\\/schema\\\/logo\\\/image\\\/\",\"url\":\"https:\\\/\\\/reqiu.eu\\\/wp-content\\\/uploads\\\/2021\\\/04\\\/Zaso\u0301b-16.svg\",\"contentUrl\":\"https:\\\/\\\/reqiu.eu\\\/wp-content\\\/uploads\\\/2021\\\/04\\\/Zaso\u0301b-16.svg\",\"caption\":\"ReQiu\u00ae Personality\"},\"image\":{\"@id\":\"https:\\\/\\\/reqiu.eu\\\/#\\\/schema\\\/logo\\\/image\\\/\"}}]}<\/script>\n<!-- \/ Yoast SEO plugin. -->","yoast_head_json":{"title":"Blog - ReQiu\u00ae Personality","robots":{"index":"index","follow":"follow","max-snippet":"max-snippet:-1","max-image-preview":"max-image-preview:large","max-video-preview":"max-video-preview:-1"},"canonical":"https:\/\/reqiu.eu\/pl\/blog\/","og_locale":"pl_PL","og_type":"article","og_title":"Blog - ReQiu\u00ae Personality","og_description":"Podsumowanie Roku 2020 Koniec roku to czas podsumowa\u0144, nie tylko tych osobistych, ale i biznesowych. Z tej okazji, postanowili\u015bmy si\u0119 podzieli\u0107 tym, co uda\u0142o nam si\u0119 osi\u0105gn\u0105\u0107 we wsp\u00f3\u0142pracy z naszymi klientami. W tym wpisie, przeanalizujemy 3 kluczowe aspekty dotycz\u0105ce procesu rekrutacyjnego, w szczeg\u00f3lno\u015bci procesu oceny kandydat\u00f3w, kt\u00f3re uda\u0142o si\u0119 znacz\u0105co poprawi\u0107 dzi\u0119ki wykorzystaniu ReQiu.&hellip;","og_url":"https:\/\/reqiu.eu\/pl\/blog\/","og_site_name":"ReQiu\u00ae Personality","article_modified_time":"2021-04-16T10:23:48+00:00","og_image":[{"url":"data:image\/svg+xml,%3Csvg%20xmlns%3D&#39;http%3A%2F%2Fwww.w3.org%2F2000%2Fsvg&#39;%20viewBox%3D&#39;0%200%20768%20512&#39;%2F%3E","type":"","width":"","height":""}],"twitter_card":"summary_large_image","twitter_misc":{"Szacowany czas czytania":"5 minut"},"schema":{"@context":"https:\/\/schema.org","@graph":[{"@type":"WebPage","@id":"https:\/\/reqiu.eu\/blog\/","url":"https:\/\/reqiu.eu\/blog\/","name":"Blog - ReQiu\u00ae Personality","isPartOf":{"@id":"https:\/\/reqiu.eu\/#website"},"datePublished":"2020-03-31T14:51:19+00:00","dateModified":"2021-04-16T10:23:48+00:00","breadcrumb":{"@id":"https:\/\/reqiu.eu\/blog\/#breadcrumb"},"inLanguage":"pl-PL","potentialAction":[{"@type":"ReadAction","target":["https:\/\/reqiu.eu\/blog\/"]}]},{"@type":"BreadcrumbList","@id":"https:\/\/reqiu.eu\/blog\/#breadcrumb","itemListElement":[{"@type":"ListItem","position":1,"name":"Home","item":"https:\/\/reqiu.eu\/"},{"@type":"ListItem","position":2,"name":"Blog"}]},{"@type":"WebSite","@id":"https:\/\/reqiu.eu\/#website","url":"https:\/\/reqiu.eu\/","name":"ReQiu\u00ae Personality","description":"Gra do oceny osobowo\u015bci","publisher":{"@id":"https:\/\/reqiu.eu\/#organization"},"potentialAction":[{"@type":"SearchAction","target":{"@type":"EntryPoint","urlTemplate":"https:\/\/reqiu.eu\/?s={search_term_string}"},"query-input":{"@type":"PropertyValueSpecification","valueRequired":true,"valueName":"search_term_string"}}],"inLanguage":"pl-PL"},{"@type":"Organization","@id":"https:\/\/reqiu.eu\/#organization","name":"ReQiu\u00ae Personality","url":"https:\/\/reqiu.eu\/","logo":{"@type":"ImageObject","inLanguage":"pl-PL","@id":"https:\/\/reqiu.eu\/#\/schema\/logo\/image\/","url":"https:\/\/reqiu.eu\/wp-content\/uploads\/2021\/04\/Zaso\u0301b-16.svg","contentUrl":"https:\/\/reqiu.eu\/wp-content\/uploads\/2021\/04\/Zaso\u0301b-16.svg","caption":"ReQiu\u00ae Personality"},"image":{"@id":"https:\/\/reqiu.eu\/#\/schema\/logo\/image\/"}}]}},"_links":{"self":[{"href":"https:\/\/reqiu.eu\/pl\/wp-json\/wp\/v2\/pages\/427","targetHints":{"allow":["GET"]}}],"collection":[{"href":"https:\/\/reqiu.eu\/pl\/wp-json\/wp\/v2\/pages"}],"about":[{"href":"https:\/\/reqiu.eu\/pl\/wp-json\/wp\/v2\/types\/page"}],"author":[{"embeddable":true,"href":"https:\/\/reqiu.eu\/pl\/wp-json\/wp\/v2\/users\/1"}],"replies":[{"embeddable":true,"href":"https:\/\/reqiu.eu\/pl\/wp-json\/wp\/v2\/comments?post=427"}],"version-history":[{"count":10,"href":"https:\/\/reqiu.eu\/pl\/wp-json\/wp\/v2\/pages\/427\/revisions"}],"predecessor-version":[{"id":3238,"href":"https:\/\/reqiu.eu\/pl\/wp-json\/wp\/v2\/pages\/427\/revisions\/3238"}],"wp:attachment":[{"href":"https:\/\/reqiu.eu\/pl\/wp-json\/wp\/v2\/media?parent=427"}],"curies":[{"name":"wp","href":"https:\/\/api.w.org\/{rel}","templated":true}]}}