{"id":2930,"date":"2021-04-13T13:30:16","date_gmt":"2021-04-13T11:30:16","guid":{"rendered":"https:\/\/reqiu.eu\/?page_id=2930"},"modified":"2021-11-30T12:51:48","modified_gmt":"2021-11-30T11:51:48","slug":"login","status":"publish","type":"page","link":"https:\/\/reqiu.eu\/pl\/login\/","title":{"rendered":"Logowanie"},"content":{"rendered":"<div data-elementor-type=\"wp-page\" data-elementor-id=\"2930\" class=\"elementor elementor-2930\" data-elementor-post-type=\"page\">\n\t\t\t\t\t\t<section class=\"elementor-section elementor-top-section elementor-element elementor-element-5b8d93cd elementor-section-full_width elementor-section-stretched elementor-section-height-default elementor-section-height-default\" data-id=\"5b8d93cd\" data-element_type=\"section\" data-e-type=\"section\" data-settings=\"{&quot;stretch_section&quot;:&quot;section-stretched&quot;}\">\n\t\t\t\t\t\t<div class=\"elementor-container elementor-column-gap-default\">\n\t\t\t\t\t<div class=\"elementor-column elementor-col-50 elementor-top-column elementor-element elementor-element-4cedaf84\" data-id=\"4cedaf84\" data-element_type=\"column\" data-e-type=\"column\" data-settings=\"{&quot;background_background&quot;:&quot;classic&quot;}\">\n\t\t\t<div class=\"elementor-widget-wrap elementor-element-populated\">\n\t\t\t\t\t\t<div class=\"elementor-element elementor-element-525131d1 elementor-widget elementor-widget-spacer\" data-id=\"525131d1\" data-element_type=\"widget\" data-e-type=\"widget\" data-widget_type=\"spacer.default\">\n\t\t\t\t<div class=\"elementor-widget-container\">\n\t\t\t\t\t\t\t<div class=\"elementor-spacer\">\n\t\t\t<div class=\"elementor-spacer-inner\"><\/div>\n\t\t<\/div>\n\t\t\t\t\t\t<\/div>\n\t\t\t\t<\/div>\n\t\t\t\t<div class=\"elementor-element elementor-element-7e84281d elementor-widget elementor-widget-heading\" data-id=\"7e84281d\" data-element_type=\"widget\" data-e-type=\"widget\" data-widget_type=\"heading.default\">\n\t\t\t\t<div class=\"elementor-widget-container\">\n\t\t\t\t\t<h2 class=\"elementor-heading-title elementor-size-default\">Zaloguj si\u0119\n<\/h2>\t\t\t\t<\/div>\n\t\t\t\t<\/div>\n\t\t\t\t<div class=\"elementor-element elementor-element-35de9ab9 elementor-widget elementor-widget-spacer\" data-id=\"35de9ab9\" data-element_type=\"widget\" data-e-type=\"widget\" data-widget_type=\"spacer.default\">\n\t\t\t\t<div class=\"elementor-widget-container\">\n\t\t\t\t\t\t\t<div class=\"elementor-spacer\">\n\t\t\t<div class=\"elementor-spacer-inner\"><\/div>\n\t\t<\/div>\n\t\t\t\t\t\t<\/div>\n\t\t\t\t<\/div>\n\t\t\t\t<div class=\"elementor-element elementor-element-3a103945 elementor-widget elementor-widget-text-editor\" data-id=\"3a103945\" data-element_type=\"widget\" data-e-type=\"widget\" data-widget_type=\"text-editor.default\">\n\t\t\t\t<div class=\"elementor-widget-container\">\n\t\t\t\t\t\t\t\t\t<div class=\"wpb_text_column wpb_content_element vc_custom_1614102031889\"><div class=\"wpb_wrapper\"><p style=\"text-align: center;\" class=\"translation-block\">Je\u015bli posiadasz ju\u017c konto, <br>\nprzejd\u017a do strony logowania<\/p><\/div><\/div>\t\t\t\t\t\t\t\t<\/div>\n\t\t\t\t<\/div>\n\t\t\t\t<div class=\"elementor-element elementor-element-aac02a2 elementor-align-center elementor-widget elementor-widget-button\" data-id=\"aac02a2\" data-element_type=\"widget\" data-e-type=\"widget\" data-widget_type=\"button.default\">\n\t\t\t\t<div class=\"elementor-widget-container\">\n\t\t\t\t\t\t\t\t\t<div class=\"elementor-button-wrapper\">\n\t\t\t\t\t<a class=\"elementor-button elementor-button-link elementor-size-md\" href=\"http:\/\/panel.reqiu.eu\">\n\t\t\t\t\t\t<span class=\"elementor-button-content-wrapper\">\n\t\t\t\t\t\t\t\t\t<span class=\"elementor-button-text\">Logowanie<\/span>\n\t\t\t\t\t<\/span>\n\t\t\t\t\t<\/a>\n\t\t\t\t<\/div>\n\t\t\t\t\t\t\t\t<\/div>\n\t\t\t\t<\/div>\n\t\t\t\t<div class=\"elementor-element elementor-element-57d27e87 elementor-widget elementor-widget-spacer\" data-id=\"57d27e87\" data-element_type=\"widget\" data-e-type=\"widget\" data-widget_type=\"spacer.default\">\n\t\t\t\t<div class=\"elementor-widget-container\">\n\t\t\t\t\t\t\t<div class=\"elementor-spacer\">\n\t\t\t<div class=\"elementor-spacer-inner\"><\/div>\n\t\t<\/div>\n\t\t\t\t\t\t<\/div>\n\t\t\t\t<\/div>\n\t\t\t\t\t<\/div>\n\t\t<\/div>\n\t\t\t\t<div class=\"elementor-column elementor-col-50 elementor-top-column elementor-element elementor-element-53ddd39d\" data-id=\"53ddd39d\" data-element_type=\"column\" data-e-type=\"column\" data-settings=\"{&quot;background_background&quot;:&quot;classic&quot;}\">\n\t\t\t<div class=\"elementor-widget-wrap\">\n\t\t\t\t\t\t\t<\/div>\n\t\t<\/div>\n\t\t\t\t\t<\/div>\n\t\t<\/section>\n\t\t\t\t<section class=\"elementor-section elementor-top-section elementor-element elementor-element-55a3abd7 elementor-section-full_width elementor-section-stretched elementor-section-height-default elementor-section-height-default\" data-id=\"55a3abd7\" data-element_type=\"section\" data-e-type=\"section\" data-settings=\"{&quot;stretch_section&quot;:&quot;section-stretched&quot;}\">\n\t\t\t\t\t\t<div class=\"elementor-container elementor-column-gap-default\">\n\t\t\t\t\t<div class=\"elementor-column elementor-col-50 elementor-top-column elementor-element elementor-element-1a8bd887\" data-id=\"1a8bd887\" data-element_type=\"column\" data-e-type=\"column\" data-settings=\"{&quot;background_background&quot;:&quot;classic&quot;}\">\n\t\t\t<div class=\"elementor-widget-wrap\">\n\t\t\t\t\t\t\t<\/div>\n\t\t<\/div>\n\t\t\t\t<div class=\"elementor-column elementor-col-50 elementor-top-column elementor-element elementor-element-743f013a\" data-id=\"743f013a\" data-element_type=\"column\" data-e-type=\"column\" data-settings=\"{&quot;background_background&quot;:&quot;classic&quot;}\">\n\t\t\t<div class=\"elementor-widget-wrap elementor-element-populated\">\n\t\t\t\t\t\t<div class=\"elementor-element elementor-element-3f56b250 elementor-widget elementor-widget-spacer\" data-id=\"3f56b250\" data-element_type=\"widget\" data-e-type=\"widget\" data-widget_type=\"spacer.default\">\n\t\t\t\t<div class=\"elementor-widget-container\">\n\t\t\t\t\t\t\t<div class=\"elementor-spacer\">\n\t\t\t<div class=\"elementor-spacer-inner\"><\/div>\n\t\t<\/div>\n\t\t\t\t\t\t<\/div>\n\t\t\t\t<\/div>\n\t\t\t\t<div class=\"elementor-element elementor-element-56dc6775 elementor-widget elementor-widget-heading\" data-id=\"56dc6775\" data-element_type=\"widget\" data-e-type=\"widget\" data-widget_type=\"heading.default\">\n\t\t\t\t<div class=\"elementor-widget-container\">\n\t\t\t\t\t<h2 class=\"elementor-heading-title elementor-size-default\">Zarejestruj si\u0119<\/h2>\t\t\t\t<\/div>\n\t\t\t\t<\/div>\n\t\t\t\t<div class=\"elementor-element elementor-element-6f85983d elementor-widget elementor-widget-spacer\" data-id=\"6f85983d\" data-element_type=\"widget\" data-e-type=\"widget\" data-widget_type=\"spacer.default\">\n\t\t\t\t<div class=\"elementor-widget-container\">\n\t\t\t\t\t\t\t<div class=\"elementor-spacer\">\n\t\t\t<div class=\"elementor-spacer-inner\"><\/div>\n\t\t<\/div>\n\t\t\t\t\t\t<\/div>\n\t\t\t\t<\/div>\n\t\t\t\t<div class=\"elementor-element elementor-element-37f379d8 elementor-widget elementor-widget-text-editor\" data-id=\"37f379d8\" data-element_type=\"widget\" data-e-type=\"widget\" data-widget_type=\"text-editor.default\">\n\t\t\t\t<div class=\"elementor-widget-container\">\n\t\t\t\t\t\t\t\t\t<p style=\"text-align: center;\">Wype\u0142nij poni\u017cszy formularz a konto zostanie utworzone w ci\u0105gu najbli\u017cszych 24h.<\/p>\t\t\t\t\t\t\t\t<\/div>\n\t\t\t\t<\/div>\n\t\t\t\t<div class=\"elementor-element elementor-element-4edec27 elementor-widget elementor-widget-shortcode\" data-id=\"4edec27\" data-element_type=\"widget\" data-e-type=\"widget\" data-no-translation=\"\" data-widget_type=\"shortcode.default\">\n\t\t\t\t<div class=\"elementor-widget-container\">\n\t\t\t\t\t\t\t<div class=\"elementor-shortcode\">\n<div class=\"wpcf7 no-js\" id=\"wpcf7-f2944-o1\" lang=\"pl-PL\" dir=\"ltr\" data-wpcf7-id=\"2944\">\n<div class=\"screen-reader-response\"><p role=\"status\" aria-live=\"polite\" aria-atomic=\"true\"><\/p> <ul><\/ul><\/div>\n<form action=\"\/pl\/wp-json\/wp\/v2\/pages\/2930#wpcf7-f2944-o1\" method=\"post\" class=\"wpcf7-form init wpcf7-acceptance-as-validation\" aria-label=\"Formularz kontaktowy\" novalidate=\"novalidate\" data-status=\"init\" data-trp-original-action=\"\/pl\/wp-json\/wp\/v2\/pages\/2930#wpcf7-f2944-o1\">\n<fieldset class=\"hidden-fields-container\"><input type=\"hidden\" name=\"_wpcf7\" value=\"2944\" \/><input type=\"hidden\" name=\"_wpcf7_version\" value=\"6.1.5\" \/><input type=\"hidden\" name=\"_wpcf7_locale\" value=\"pl_PL\" \/><input type=\"hidden\" name=\"_wpcf7_unit_tag\" value=\"wpcf7-f2944-o1\" \/><input type=\"hidden\" name=\"_wpcf7_container_post\" value=\"0\" \/><input type=\"hidden\" name=\"_wpcf7_posted_data_hash\" value=\"\" \/><input type=\"hidden\" name=\"_wpcf7_recaptcha_response\" value=\"\" \/>\n<\/fieldset>\n<p><span class=\"wpcf7-form-control-wrap\" data-name=\"your-name\"><input size=\"40\" maxlength=\"400\" class=\"wpcf7-form-control wpcf7-text wpcf7-validates-as-required\" aria-required=\"true\" aria-invalid=\"false\" placeholder=\"Imi\u0119 i nazwisko (wymagane)\" value=\"\" type=\"text\" name=\"your-name\" \/><\/span><br \/>\n<span class=\"wpcf7-form-control-wrap\" data-name=\"your-email\"><input size=\"40\" maxlength=\"400\" class=\"wpcf7-form-control wpcf7-email wpcf7-validates-as-required wpcf7-text wpcf7-validates-as-email\" aria-required=\"true\" aria-invalid=\"false\" placeholder=\"Tw\u00f3j email (wymagane)\" value=\"\" type=\"email\" name=\"your-email\" \/><\/span><br \/>\n<span class=\"wpcf7-form-control-wrap\" data-name=\"nip\"><input size=\"40\" maxlength=\"400\" class=\"wpcf7-form-control wpcf7-text wpcf7-validates-as-required\" aria-required=\"true\" aria-invalid=\"false\" placeholder=\"nip (wymagane)\" value=\"\" type=\"text\" name=\"nip\" \/><\/span><br \/>\n<span class=\"wpcf7-form-control-wrap\" data-name=\"phone\"><input size=\"40\" maxlength=\"400\" class=\"wpcf7-form-control wpcf7-text\" aria-invalid=\"false\" placeholder=\"nr. telefonu\" value=\"\" type=\"text\" name=\"phone\" \/><\/span>\n<\/p>\n<div style =\"font-size:70%; line-height:110%;\">\n\t<p><span class=\"wpcf7-form-control-wrap\" data-name=\"ZgodaPolitykaPrywatnosci\"><span class=\"wpcf7-form-control wpcf7-acceptance\"><span class=\"wpcf7-list-item\"><label><input type=\"checkbox\" name=\"ZgodaPolitykaPrywatnosci\" value=\"1\" aria-invalid=\"false\" \/><span class=\"wpcf7-list-item-label\">Zapozna\u0142em si\u0119, rozumiem i akceptuj\u0119 <a href=\"https:\/\/reqiu.eu\/pdf\/PolitykaPrywatnosci.pdf\"  target=\"_blank\">Polityk\u0119 prywatno\u015bci<\/a> oraz wyra\u017cam zgod\u0119 na otrzymywanie informacji od firmy Game Time Project Sp. z o.o. <b>(wymagane)<\/b><\/span><\/label><\/span><\/span><\/span>\n\t<\/p>\n\t<p><span class=\"wpcf7-form-control-wrap\" data-name=\"ZgodaRegulamin\"><span class=\"wpcf7-form-control wpcf7-acceptance\"><span class=\"wpcf7-list-item\"><label><input type=\"checkbox\" name=\"ZgodaRegulamin\" value=\"1\" aria-invalid=\"false\" \/><span class=\"wpcf7-list-item-label\">Potwierdzam zapoznanie si\u0119 z <a href=\"https:\/\/reqiu.eu\/pdf\/RegulaminSwiadczeniaUslug.pdf\"  target=\"_blank\">regulaminem<\/a> i jego akceptacj\u0105. <b>(wymagane)<\/b><\/span><\/label><\/span><\/span><\/span>\n\t<\/p>\n\t<p><span class=\"wpcf7-form-control-wrap\" data-name=\"ZgodaMarketingowa\"><span class=\"wpcf7-form-control wpcf7-acceptance optional\"><span class=\"wpcf7-list-item\"><label><input type=\"checkbox\" name=\"ZgodaMarketingowa\" value=\"1\" aria-invalid=\"false\" \/><span class=\"wpcf7-list-item-label\">Zgadzam si\u0119 na zapisanie mojego maila w bazie danych w celach przesy\u0142ania oferty marketingowej. W ka\u017cdym momencie mo\u017cesz zrezygnowa\u0107 z tej opcji poprzez przes\u0142anie nam rezygnacji przez formularz kontaktowy.<\/span><\/label><\/span><\/span><\/span>\n\t<\/p>\n<\/div>\n<center>\n\t<p><input class=\"wpcf7-form-control wpcf7-submit has-spinner\" type=\"submit\" value=\"Wy\u015blij\" \/>\n\t<\/p>\n<\/center><div class=\"wpcf7-response-output\" aria-hidden=\"true\"><\/div>\n<input type=\"hidden\" name=\"trp-form-language\" value=\"pl\"\/><\/form>\n<\/div>\n<\/div>\n\t\t\t\t\t\t<\/div>\n\t\t\t\t<\/div>\n\t\t\t\t<div class=\"elementor-element elementor-element-e1149ae elementor-widget elementor-widget-shortcode\" data-id=\"e1149ae\" data-element_type=\"widget\" data-e-type=\"widget\" data-no-translation=\"\" data-widget_type=\"shortcode.default\">\n\t\t\t\t<div class=\"elementor-widget-container\">\n\t\t\t\t\t<style>.elementor-element-e1149ae{display:none !important}<\/style>\t\t\t\t<\/div>\n\t\t\t\t<\/div>\n\t\t\t\t<div class=\"elementor-element elementor-element-16e586b0 elementor-widget elementor-widget-spacer\" data-id=\"16e586b0\" data-element_type=\"widget\" data-e-type=\"widget\" data-widget_type=\"spacer.default\">\n\t\t\t\t<div class=\"elementor-widget-container\">\n\t\t\t\t\t\t\t<div class=\"elementor-spacer\">\n\t\t\t<div class=\"elementor-spacer-inner\"><\/div>\n\t\t<\/div>\n\t\t\t\t\t\t<\/div>\n\t\t\t\t<\/div>\n\t\t\t\t\t<\/div>\n\t\t<\/div>\n\t\t\t\t\t<\/div>\n\t\t<\/section>\n\t\t\t\t<\/div>","protected":false},"excerpt":{"rendered":"<p>Login In if you already have an account, please go to the login page Login Register Fill in the form below and the account will be created within the next 24 hours.<\/p>","protected":false},"author":1,"featured_media":0,"parent":0,"menu_order":0,"comment_status":"closed","ping_status":"closed","template":"","meta":{"inline_featured_image":false,"footnotes":""},"class_list":["post-2930","page","type-page","status-publish","hentry"],"yoast_head":"<!-- This site is optimized with the Yoast SEO plugin v27.1.1 - https:\/\/yoast.com\/product\/yoast-seo-wordpress\/ -->\n<title>Login - ReQiu\u00ae Personality<\/title>\n<meta name=\"robots\" content=\"index, follow, max-snippet:-1, max-image-preview:large, max-video-preview:-1\" \/>\n<link rel=\"canonical\" href=\"https:\/\/reqiu.eu\/pl\/login\/\" \/>\n<meta property=\"og:locale\" content=\"pl_PL\" \/>\n<meta property=\"og:type\" content=\"article\" \/>\n<meta property=\"og:title\" content=\"Login - ReQiu\u00ae Personality\" \/>\n<meta property=\"og:description\" content=\"Login In if you already have an account, please go to the login page Login Register Fill in the form below and the account will be created within the next 24 hours.\" \/>\n<meta property=\"og:url\" content=\"https:\/\/reqiu.eu\/pl\/login\/\" \/>\n<meta property=\"og:site_name\" content=\"ReQiu\u00ae Personality\" \/>\n<meta property=\"article:modified_time\" content=\"2021-11-30T11:51:48+00:00\" \/>\n<meta name=\"twitter:card\" content=\"summary_large_image\" \/>\n<script type=\"application\/ld+json\" class=\"yoast-schema-graph\">{\"@context\":\"https:\/\/schema.org\",\"@graph\":[{\"@type\":\"WebPage\",\"@id\":\"https:\/\/reqiu.eu\/login\/\",\"url\":\"https:\/\/reqiu.eu\/login\/\",\"name\":\"Login - ReQiu\u00ae Personality\",\"isPartOf\":{\"@id\":\"https:\/\/reqiu.eu\/#website\"},\"datePublished\":\"2021-04-13T11:30:16+00:00\",\"dateModified\":\"2021-11-30T11:51:48+00:00\",\"breadcrumb\":{\"@id\":\"https:\/\/reqiu.eu\/login\/#breadcrumb\"},\"inLanguage\":\"pl-PL\",\"potentialAction\":[{\"@type\":\"ReadAction\",\"target\":[\"https:\/\/reqiu.eu\/login\/\"]}]},{\"@type\":\"BreadcrumbList\",\"@id\":\"https:\/\/reqiu.eu\/login\/#breadcrumb\",\"itemListElement\":[{\"@type\":\"ListItem\",\"position\":1,\"name\":\"Home\",\"item\":\"https:\/\/reqiu.eu\/\"},{\"@type\":\"ListItem\",\"position\":2,\"name\":\"Login\"}]},{\"@type\":\"WebSite\",\"@id\":\"https:\/\/reqiu.eu\/#website\",\"url\":\"https:\/\/reqiu.eu\/\",\"name\":\"ReQiu\u00ae Personality\",\"description\":\"Game-based assessment\",\"publisher\":{\"@id\":\"https:\/\/reqiu.eu\/#organization\"},\"potentialAction\":[{\"@type\":\"SearchAction\",\"target\":{\"@type\":\"EntryPoint\",\"urlTemplate\":\"https:\/\/reqiu.eu\/?s={search_term_string}\"},\"query-input\":{\"@type\":\"PropertyValueSpecification\",\"valueRequired\":true,\"valueName\":\"search_term_string\"}}],\"inLanguage\":\"pl-PL\"},{\"@type\":\"Organization\",\"@id\":\"https:\/\/reqiu.eu\/#organization\",\"name\":\"ReQiu\u00ae Personality\",\"url\":\"https:\/\/reqiu.eu\/\",\"logo\":{\"@type\":\"ImageObject\",\"inLanguage\":\"pl-PL\",\"@id\":\"https:\/\/reqiu.eu\/#\/schema\/logo\/image\/\",\"url\":\"https:\/\/reqiu.eu\/wp-content\/uploads\/2021\/04\/Zaso\u0301b-16.svg\",\"contentUrl\":\"https:\/\/reqiu.eu\/wp-content\/uploads\/2021\/04\/Zaso\u0301b-16.svg\",\"caption\":\"ReQiu\u00ae Personality\"},\"image\":{\"@id\":\"https:\/\/reqiu.eu\/#\/schema\/logo\/image\/\"}}]}<\/script>\n<!-- \/ Yoast SEO plugin. -->","yoast_head_json":{"title":"Login - ReQiu\u00ae Personality","robots":{"index":"index","follow":"follow","max-snippet":"max-snippet:-1","max-image-preview":"max-image-preview:large","max-video-preview":"max-video-preview:-1"},"canonical":"https:\/\/reqiu.eu\/pl\/login\/","og_locale":"pl_PL","og_type":"article","og_title":"Login - ReQiu\u00ae Personality","og_description":"Login In if you already have an account, please go to the login page Login Register Fill in the form below and the account will be created within the next 24 hours.","og_url":"https:\/\/reqiu.eu\/pl\/login\/","og_site_name":"ReQiu\u00ae Personality","article_modified_time":"2021-11-30T11:51:48+00:00","twitter_card":"summary_large_image","schema":{"@context":"https:\/\/schema.org","@graph":[{"@type":"WebPage","@id":"https:\/\/reqiu.eu\/login\/","url":"https:\/\/reqiu.eu\/login\/","name":"Login - ReQiu\u00ae Personality","isPartOf":{"@id":"https:\/\/reqiu.eu\/#website"},"datePublished":"2021-04-13T11:30:16+00:00","dateModified":"2021-11-30T11:51:48+00:00","breadcrumb":{"@id":"https:\/\/reqiu.eu\/login\/#breadcrumb"},"inLanguage":"pl-PL","potentialAction":[{"@type":"ReadAction","target":["https:\/\/reqiu.eu\/login\/"]}]},{"@type":"BreadcrumbList","@id":"https:\/\/reqiu.eu\/login\/#breadcrumb","itemListElement":[{"@type":"ListItem","position":1,"name":"Home","item":"https:\/\/reqiu.eu\/"},{"@type":"ListItem","position":2,"name":"Login"}]},{"@type":"WebSite","@id":"https:\/\/reqiu.eu\/#website","url":"https:\/\/reqiu.eu\/","name":"ReQiu\u00ae Personality","description":"Gra do oceny osobowo\u015bci","publisher":{"@id":"https:\/\/reqiu.eu\/#organization"},"potentialAction":[{"@type":"SearchAction","target":{"@type":"EntryPoint","urlTemplate":"https:\/\/reqiu.eu\/?s={search_term_string}"},"query-input":{"@type":"PropertyValueSpecification","valueRequired":true,"valueName":"search_term_string"}}],"inLanguage":"pl-PL"},{"@type":"Organization","@id":"https:\/\/reqiu.eu\/#organization","name":"ReQiu\u00ae Personality","url":"https:\/\/reqiu.eu\/","logo":{"@type":"ImageObject","inLanguage":"pl-PL","@id":"https:\/\/reqiu.eu\/#\/schema\/logo\/image\/","url":"https:\/\/reqiu.eu\/wp-content\/uploads\/2021\/04\/Zaso\u0301b-16.svg","contentUrl":"https:\/\/reqiu.eu\/wp-content\/uploads\/2021\/04\/Zaso\u0301b-16.svg","caption":"ReQiu\u00ae Personality"},"image":{"@id":"https:\/\/reqiu.eu\/#\/schema\/logo\/image\/"}}]}},"_links":{"self":[{"href":"https:\/\/reqiu.eu\/pl\/wp-json\/wp\/v2\/pages\/2930","targetHints":{"allow":["GET"]}}],"collection":[{"href":"https:\/\/reqiu.eu\/pl\/wp-json\/wp\/v2\/pages"}],"about":[{"href":"https:\/\/reqiu.eu\/pl\/wp-json\/wp\/v2\/types\/page"}],"author":[{"embeddable":true,"href":"https:\/\/reqiu.eu\/pl\/wp-json\/wp\/v2\/users\/1"}],"replies":[{"embeddable":true,"href":"https:\/\/reqiu.eu\/pl\/wp-json\/wp\/v2\/comments?post=2930"}],"version-history":[{"count":24,"href":"https:\/\/reqiu.eu\/pl\/wp-json\/wp\/v2\/pages\/2930\/revisions"}],"predecessor-version":[{"id":6762,"href":"https:\/\/reqiu.eu\/pl\/wp-json\/wp\/v2\/pages\/2930\/revisions\/6762"}],"wp:attachment":[{"href":"https:\/\/reqiu.eu\/pl\/wp-json\/wp\/v2\/media?parent=2930"}],"curies":[{"name":"wp","href":"https:\/\/api.w.org\/{rel}","templated":true}]}}