{"id":2793,"date":"2021-04-12T11:46:04","date_gmt":"2021-04-12T09:46:04","guid":{"rendered":"https:\/\/reqiu.eu\/?page_id=2793"},"modified":"2022-01-10T14:01:38","modified_gmt":"2022-01-10T13:01:38","slug":"grants","status":"publish","type":"page","link":"https:\/\/reqiu.eu\/pl\/grants\/","title":{"rendered":"Dotacje"},"content":{"rendered":"<div data-elementor-type=\"wp-page\" data-elementor-id=\"2793\" class=\"elementor elementor-2793\" data-elementor-post-type=\"page\">\n\t\t\t\t\t\t<section class=\"elementor-section elementor-top-section elementor-element elementor-element-40d99f63 elementor-section-full_width elementor-section-stretched elementor-section-height-default elementor-section-height-default\" data-id=\"40d99f63\" data-element_type=\"section\" data-e-type=\"section\" data-settings=\"{&quot;stretch_section&quot;:&quot;section-stretched&quot;}\">\n\t\t\t\t\t\t<div class=\"elementor-container elementor-column-gap-default\">\n\t\t\t\t\t<div class=\"elementor-column elementor-col-50 elementor-top-column elementor-element elementor-element-39b2866d\" data-id=\"39b2866d\" data-element_type=\"column\" data-e-type=\"column\" data-settings=\"{&quot;background_background&quot;:&quot;classic&quot;}\">\n\t\t\t<div class=\"elementor-widget-wrap\">\n\t\t\t\t\t\t\t<\/div>\n\t\t<\/div>\n\t\t\t\t<div class=\"elementor-column elementor-col-50 elementor-top-column elementor-element elementor-element-4385211e\" data-id=\"4385211e\" data-element_type=\"column\" data-e-type=\"column\" data-settings=\"{&quot;background_background&quot;:&quot;classic&quot;}\">\n\t\t\t<div class=\"elementor-widget-wrap elementor-element-populated\">\n\t\t\t\t\t\t<div class=\"elementor-element elementor-element-30ce261c elementor-widget elementor-widget-spacer\" data-id=\"30ce261c\" data-element_type=\"widget\" data-e-type=\"widget\" data-widget_type=\"spacer.default\">\n\t\t\t\t<div class=\"elementor-widget-container\">\n\t\t\t\t\t\t\t<div class=\"elementor-spacer\">\n\t\t\t<div class=\"elementor-spacer-inner\"><\/div>\n\t\t<\/div>\n\t\t\t\t\t\t<\/div>\n\t\t\t\t<\/div>\n\t\t\t\t<div class=\"elementor-element elementor-element-1eb7d5b7 elementor-widget elementor-widget-heading\" data-id=\"1eb7d5b7\" data-element_type=\"widget\" data-e-type=\"widget\" data-widget_type=\"heading.default\">\n\t\t\t\t<div class=\"elementor-widget-container\">\n\t\t\t\t\t<h2 class=\"elementor-heading-title elementor-size-default\">Informacje o projekcie<\/h2>\t\t\t\t<\/div>\n\t\t\t\t<\/div>\n\t\t\t\t<div class=\"elementor-element elementor-element-4d0fc745 elementor-widget elementor-widget-spacer\" data-id=\"4d0fc745\" data-element_type=\"widget\" data-e-type=\"widget\" data-widget_type=\"spacer.default\">\n\t\t\t\t<div class=\"elementor-widget-container\">\n\t\t\t\t\t\t\t<div class=\"elementor-spacer\">\n\t\t\t<div class=\"elementor-spacer-inner\"><\/div>\n\t\t<\/div>\n\t\t\t\t\t\t<\/div>\n\t\t\t\t<\/div>\n\t\t\t\t<div class=\"elementor-element elementor-element-2341edee elementor-widget elementor-widget-text-editor\" data-id=\"2341edee\" data-element_type=\"widget\" data-e-type=\"widget\" data-widget_type=\"text-editor.default\">\n\t\t\t\t<div class=\"elementor-widget-container\">\n\t\t\t\t\t\t\t\t\t<p class=\"translation-block\"><strong>Tytu\u0142 projektu:<\/strong> Zaawansowany system rekrutacji oparty o gre\u0328 komputerowa\u0328 \u201eGame\u00adRec\u201d\nNazwa docelowa produktu\u201eGame\u00adRec\u201d:<br><strong>ReQiu\u00ae Personality<\/strong> (<a href=\"https:\/\/reqiu.eu\/pl\/\" target=\"_self\">www.reqiu.eu<\/a>)<\/p><p><strong>Warto\u015b\u0107 projektu:<\/strong>\u00a0 2 180 267.50 PLN<\/p><p>Projekt firmy Game Time Project otrzyma\u0142 dofinansowanie w ramach Programu Operacyjnego Inteligentny Rozwo\u0301j 2014\u00ad-2020, poddzia\u0142anie Badania przemys\u0142owe i prace rozwojowe realizowane przez przedsie\u0328biorstwa.<\/p><p><strong>Numer wniosku o dofinansowanie<\/strong>: POIR.01.01.01\u00ad00\u00ad0075\/18<br \/><strong>Data z\u0142oz\u0307enia wniosku<\/strong>: 13.04.2018<br \/><strong>Numer naboru<\/strong>: 1\/1.1.1\/2018<\/p>\t\t\t\t\t\t\t\t<\/div>\n\t\t\t\t<\/div>\n\t\t\t\t<div class=\"elementor-element elementor-element-3e9ce5e elementor-widget elementor-widget-image\" data-id=\"3e9ce5e\" data-element_type=\"widget\" data-e-type=\"widget\" data-widget_type=\"image.default\">\n\t\t\t\t<div class=\"elementor-widget-container\">\n\t\t\t\t\t\t\t\t\t\t\t\t\t\t\t<img fetchpriority=\"high\" decoding=\"async\" width=\"800\" height=\"100\" src=\"https:\/\/reqiu.eu\/wp-content\/uploads\/2021\/04\/Loga-EU-NCBIR_pl-1024x112.png\" class=\"attachment-large size-large wp-image-3427\" alt=\"National Centre for Research and Development\" srcset=\"\" sizes=\"(max-width: 800px) 100vw, 800px\" data-srcset=\"\" \/>\t\t\t\t\t\t\t\t\t\t\t\t\t\t\t<\/div>\n\t\t\t\t<\/div>\n\t\t\t\t<div class=\"elementor-element elementor-element-627647ab elementor-widget elementor-widget-spacer\" data-id=\"627647ab\" data-element_type=\"widget\" data-e-type=\"widget\" data-widget_type=\"spacer.default\">\n\t\t\t\t<div class=\"elementor-widget-container\">\n\t\t\t\t\t\t\t<div class=\"elementor-spacer\">\n\t\t\t<div class=\"elementor-spacer-inner\"><\/div>\n\t\t<\/div>\n\t\t\t\t\t\t<\/div>\n\t\t\t\t<\/div>\n\t\t\t\t\t<\/div>\n\t\t<\/div>\n\t\t\t\t\t<\/div>\n\t\t<\/section>\n\t\t\t\t<section class=\"elementor-section elementor-top-section elementor-element elementor-element-2a7f5dc8 elementor-section-full_width elementor-section-stretched elementor-section-height-default elementor-section-height-default\" data-id=\"2a7f5dc8\" data-element_type=\"section\" data-e-type=\"section\" data-settings=\"{&quot;stretch_section&quot;:&quot;section-stretched&quot;}\">\n\t\t\t\t\t\t<div class=\"elementor-container elementor-column-gap-default\">\n\t\t\t\t\t<div class=\"elementor-column elementor-col-50 elementor-top-column elementor-element elementor-element-780a2011\" data-id=\"780a2011\" data-element_type=\"column\" data-e-type=\"column\" data-settings=\"{&quot;background_background&quot;:&quot;classic&quot;}\">\n\t\t\t<div class=\"elementor-widget-wrap elementor-element-populated\">\n\t\t\t\t\t\t<div class=\"elementor-element elementor-element-2e6eecbe elementor-widget elementor-widget-spacer\" data-id=\"2e6eecbe\" data-element_type=\"widget\" data-e-type=\"widget\" data-widget_type=\"spacer.default\">\n\t\t\t\t<div class=\"elementor-widget-container\">\n\t\t\t\t\t\t\t<div class=\"elementor-spacer\">\n\t\t\t<div class=\"elementor-spacer-inner\"><\/div>\n\t\t<\/div>\n\t\t\t\t\t\t<\/div>\n\t\t\t\t<\/div>\n\t\t\t\t<div class=\"elementor-element elementor-element-7c2754b2 elementor-widget elementor-widget-heading\" data-id=\"7c2754b2\" data-element_type=\"widget\" data-e-type=\"widget\" data-widget_type=\"heading.default\">\n\t\t\t\t<div class=\"elementor-widget-container\">\n\t\t\t\t\t<h2 class=\"elementor-heading-title elementor-size-default\">O PROJEKCIE\n<\/h2>\t\t\t\t<\/div>\n\t\t\t\t<\/div>\n\t\t\t\t<div class=\"elementor-element elementor-element-7df65561 elementor-widget elementor-widget-spacer\" data-id=\"7df65561\" data-element_type=\"widget\" data-e-type=\"widget\" data-widget_type=\"spacer.default\">\n\t\t\t\t<div class=\"elementor-widget-container\">\n\t\t\t\t\t\t\t<div class=\"elementor-spacer\">\n\t\t\t<div class=\"elementor-spacer-inner\"><\/div>\n\t\t<\/div>\n\t\t\t\t\t\t<\/div>\n\t\t\t\t<\/div>\n\t\t\t\t<div class=\"elementor-element elementor-element-4390510c elementor-widget elementor-widget-text-editor\" data-id=\"4390510c\" data-element_type=\"widget\" data-e-type=\"widget\" data-widget_type=\"text-editor.default\">\n\t\t\t\t<div class=\"elementor-widget-container\">\n\t\t\t\t\t\t\t\t\t<p class=\"translation-block\"><b>Przedmiotem projektu<\/b> jest opracowanie <b>innowacyjnego w skali s\u0301wiatowej, zaawansowanego systemu rekrutacji<\/b> opartego o <b>gre\u0328 komputerowa\u0328<\/b>, kto\u0301ra dzie\u0328ki zastosowanym mechanizmom analitycznym, opartym na <b>unikalnym zestawie predyktoro\u0301w sukcesu<\/b> i zachowania w \u015brodowisku pracy, pozwoli w ramach rozgrywki na <b>skuteczna\u0328 ocen\u0119 kandydat\u00f3w<\/b> na pracownik\u00f3w r\u00f3\u017cnych szczebli.<\/p><p class=\"translation-block\">Zastosowanie opracowanego w ramach projektu systemu rekrutacji, pozwoli podmiotowi rekrutuja\u0328cemu znacza\u0328co <b>zwie\u0328kszyc\u0301 prawdopodobien\u0301stwo<\/b> znalezienia pracownika o predyspozycjach odpowiadaj\u0105cych danemu stanowisku, dostarczaja\u0328c przy tym <b>unikalnych funkcjonalnos\u0301ci personalizacji<\/b> samego badania oraz wygla\u0328du gry,\u00ad niosa\u0328c za sob\u0105 <b>dodatkowe korzys\u0301ci marketingowe<\/b>.<\/p><p>Us\u0142uga realizowana na podstawie powsta\u0142ego w wyniku projektu rozwia\u0328zania be\u0328dzie kierowana do podmioto\u0301w, kto\u0301re przeprowadzaj\u0105 procesy rekrutacyjne, zar\u00f3wno na potrzeby w\u0142asne, jak i klient\u00f3w zewnetrznych. Funkcjonalnos\u0301ci i forma proponowanego badania rekrutacyjnego wprost wpisuje sie\u0328 w potrzeby, tak grupy docelowej, jak i kandydato\u0301w na pracowniko\u0301w, zw\u0142aszcza m\u0142odego pokolenia.<\/p>\t\t\t\t\t\t\t\t<\/div>\n\t\t\t\t<\/div>\n\t\t\t\t<div class=\"elementor-element elementor-element-6344580c elementor-widget elementor-widget-spacer\" data-id=\"6344580c\" data-element_type=\"widget\" data-e-type=\"widget\" data-widget_type=\"spacer.default\">\n\t\t\t\t<div class=\"elementor-widget-container\">\n\t\t\t\t\t\t\t<div class=\"elementor-spacer\">\n\t\t\t<div class=\"elementor-spacer-inner\"><\/div>\n\t\t<\/div>\n\t\t\t\t\t\t<\/div>\n\t\t\t\t<\/div>\n\t\t\t\t\t<\/div>\n\t\t<\/div>\n\t\t\t\t<div class=\"elementor-column elementor-col-50 elementor-top-column elementor-element elementor-element-8f2e152\" data-id=\"8f2e152\" data-element_type=\"column\" data-e-type=\"column\" data-settings=\"{&quot;background_background&quot;:&quot;classic&quot;}\">\n\t\t\t<div class=\"elementor-widget-wrap\">\n\t\t\t\t\t\t\t<\/div>\n\t\t<\/div>\n\t\t\t\t\t<\/div>\n\t\t<\/section>\n\t\t\t\t<\/div>","protected":false},"excerpt":{"rendered":"<p>Information about the project Project title: Advanced recruitment system based on the \u201cGameRec\u201dProduct target name \u201cGameRec\u201d Reqiu :ReQiu\u00ae Personality (www.reqiu.eu) Value of the project:\u00a0 2 180 267.50 PLN Game Time Project is co-financed by the European Union from the European Regional Development Funds within the Smart Growth Program. The project was carried out with support&hellip;<\/p>","protected":false},"author":1,"featured_media":0,"parent":0,"menu_order":0,"comment_status":"closed","ping_status":"closed","template":"","meta":{"inline_featured_image":false,"footnotes":""},"class_list":["post-2793","page","type-page","status-publish","hentry"],"yoast_head":"<!-- This site is optimized with the Yoast SEO plugin v27.3 - https:\/\/yoast.com\/product\/yoast-seo-wordpress\/ -->\n<title>Grants - ReQiu\u00ae Personality<\/title>\n<meta name=\"robots\" content=\"index, follow, max-snippet:-1, max-image-preview:large, max-video-preview:-1\" \/>\n<link rel=\"canonical\" href=\"https:\/\/reqiu.eu\/pl\/grants\/\" \/>\n<meta property=\"og:locale\" content=\"pl_PL\" \/>\n<meta property=\"og:type\" content=\"article\" \/>\n<meta property=\"og:title\" content=\"Grants - ReQiu\u00ae Personality\" \/>\n<meta property=\"og:description\" content=\"Information about the project Project title: Advanced recruitment system based on the \u201cGameRec\u201dProduct target name \u201cGameRec\u201d Reqiu :ReQiu\u00ae Personality (www.reqiu.eu) Value of the project:\u00a0 2 180 267.50 PLN Game Time Project is co-financed by the European Union from the European Regional Development Funds within the Smart Growth Program. The project was carried out with support&hellip;\" \/>\n<meta property=\"og:url\" content=\"https:\/\/reqiu.eu\/pl\/grants\/\" \/>\n<meta property=\"og:site_name\" content=\"ReQiu\u00ae Personality\" \/>\n<meta property=\"article:modified_time\" content=\"2022-01-10T13:01:38+00:00\" \/>\n<meta property=\"og:image\" content=\"https:\/\/reqiu.eu\/wp-content\/uploads\/2021\/04\/ncbrEng.png\" \/>\n<meta name=\"twitter:card\" content=\"summary_large_image\" \/>\n<meta name=\"twitter:label1\" content=\"Szacowany czas czytania\" \/>\n\t<meta name=\"twitter:data1\" content=\"2 minuty\" \/>\n<script type=\"application\/ld+json\" class=\"yoast-schema-graph\">{\"@context\":\"https:\\\/\\\/schema.org\",\"@graph\":[{\"@type\":\"WebPage\",\"@id\":\"https:\\\/\\\/reqiu.eu\\\/grants\\\/\",\"url\":\"https:\\\/\\\/reqiu.eu\\\/grants\\\/\",\"name\":\"Grants - ReQiu\u00ae Personality\",\"isPartOf\":{\"@id\":\"https:\\\/\\\/reqiu.eu\\\/#website\"},\"primaryImageOfPage\":{\"@id\":\"https:\\\/\\\/reqiu.eu\\\/grants\\\/#primaryimage\"},\"image\":{\"@id\":\"https:\\\/\\\/reqiu.eu\\\/grants\\\/#primaryimage\"},\"thumbnailUrl\":\"https:\\\/\\\/reqiu.eu\\\/wp-content\\\/uploads\\\/2021\\\/04\\\/ncbrEng.png\",\"datePublished\":\"2021-04-12T09:46:04+00:00\",\"dateModified\":\"2022-01-10T13:01:38+00:00\",\"breadcrumb\":{\"@id\":\"https:\\\/\\\/reqiu.eu\\\/grants\\\/#breadcrumb\"},\"inLanguage\":\"pl-PL\",\"potentialAction\":[{\"@type\":\"ReadAction\",\"target\":[\"https:\\\/\\\/reqiu.eu\\\/grants\\\/\"]}]},{\"@type\":\"ImageObject\",\"inLanguage\":\"pl-PL\",\"@id\":\"https:\\\/\\\/reqiu.eu\\\/grants\\\/#primaryimage\",\"url\":\"https:\\\/\\\/reqiu.eu\\\/wp-content\\\/uploads\\\/2021\\\/04\\\/ncbrEng.png\",\"contentUrl\":\"https:\\\/\\\/reqiu.eu\\\/wp-content\\\/uploads\\\/2021\\\/04\\\/ncbrEng.png\"},{\"@type\":\"BreadcrumbList\",\"@id\":\"https:\\\/\\\/reqiu.eu\\\/grants\\\/#breadcrumb\",\"itemListElement\":[{\"@type\":\"ListItem\",\"position\":1,\"name\":\"Home\",\"item\":\"https:\\\/\\\/reqiu.eu\\\/\"},{\"@type\":\"ListItem\",\"position\":2,\"name\":\"Grants\"}]},{\"@type\":\"WebSite\",\"@id\":\"https:\\\/\\\/reqiu.eu\\\/#website\",\"url\":\"https:\\\/\\\/reqiu.eu\\\/\",\"name\":\"ReQiu\u00ae Personality\",\"description\":\"Game-based assessment\",\"publisher\":{\"@id\":\"https:\\\/\\\/reqiu.eu\\\/#organization\"},\"potentialAction\":[{\"@type\":\"SearchAction\",\"target\":{\"@type\":\"EntryPoint\",\"urlTemplate\":\"https:\\\/\\\/reqiu.eu\\\/?s={search_term_string}\"},\"query-input\":{\"@type\":\"PropertyValueSpecification\",\"valueRequired\":true,\"valueName\":\"search_term_string\"}}],\"inLanguage\":\"pl-PL\"},{\"@type\":\"Organization\",\"@id\":\"https:\\\/\\\/reqiu.eu\\\/#organization\",\"name\":\"ReQiu\u00ae Personality\",\"url\":\"https:\\\/\\\/reqiu.eu\\\/\",\"logo\":{\"@type\":\"ImageObject\",\"inLanguage\":\"pl-PL\",\"@id\":\"https:\\\/\\\/reqiu.eu\\\/#\\\/schema\\\/logo\\\/image\\\/\",\"url\":\"https:\\\/\\\/reqiu.eu\\\/wp-content\\\/uploads\\\/2021\\\/04\\\/Zaso\u0301b-16.svg\",\"contentUrl\":\"https:\\\/\\\/reqiu.eu\\\/wp-content\\\/uploads\\\/2021\\\/04\\\/Zaso\u0301b-16.svg\",\"caption\":\"ReQiu\u00ae Personality\"},\"image\":{\"@id\":\"https:\\\/\\\/reqiu.eu\\\/#\\\/schema\\\/logo\\\/image\\\/\"}}]}<\/script>\n<!-- \/ Yoast SEO plugin. -->","yoast_head_json":{"title":"Grants - ReQiu\u00ae Personality","robots":{"index":"index","follow":"follow","max-snippet":"max-snippet:-1","max-image-preview":"max-image-preview:large","max-video-preview":"max-video-preview:-1"},"canonical":"https:\/\/reqiu.eu\/pl\/grants\/","og_locale":"pl_PL","og_type":"article","og_title":"Grants - ReQiu\u00ae Personality","og_description":"Information about the project Project title: Advanced recruitment system based on the \u201cGameRec\u201dProduct target name \u201cGameRec\u201d Reqiu :ReQiu\u00ae Personality (www.reqiu.eu) Value of the project:\u00a0 2 180 267.50 PLN Game Time Project is co-financed by the European Union from the European Regional Development Funds within the Smart Growth Program. The project was carried out with support&hellip;","og_url":"https:\/\/reqiu.eu\/pl\/grants\/","og_site_name":"ReQiu\u00ae Personality","article_modified_time":"2022-01-10T13:01:38+00:00","og_image":[{"url":"https:\/\/reqiu.eu\/wp-content\/uploads\/2021\/04\/ncbrEng.png","type":"","width":"","height":""}],"twitter_card":"summary_large_image","twitter_misc":{"Szacowany czas czytania":"2 minuty"},"schema":{"@context":"https:\/\/schema.org","@graph":[{"@type":"WebPage","@id":"https:\/\/reqiu.eu\/grants\/","url":"https:\/\/reqiu.eu\/grants\/","name":"Grants - ReQiu\u00ae Personality","isPartOf":{"@id":"https:\/\/reqiu.eu\/#website"},"primaryImageOfPage":{"@id":"https:\/\/reqiu.eu\/grants\/#primaryimage"},"image":{"@id":"https:\/\/reqiu.eu\/grants\/#primaryimage"},"thumbnailUrl":"https:\/\/reqiu.eu\/wp-content\/uploads\/2021\/04\/ncbrEng.png","datePublished":"2021-04-12T09:46:04+00:00","dateModified":"2022-01-10T13:01:38+00:00","breadcrumb":{"@id":"https:\/\/reqiu.eu\/grants\/#breadcrumb"},"inLanguage":"pl-PL","potentialAction":[{"@type":"ReadAction","target":["https:\/\/reqiu.eu\/grants\/"]}]},{"@type":"ImageObject","inLanguage":"pl-PL","@id":"https:\/\/reqiu.eu\/grants\/#primaryimage","url":"https:\/\/reqiu.eu\/wp-content\/uploads\/2021\/04\/ncbrEng.png","contentUrl":"https:\/\/reqiu.eu\/wp-content\/uploads\/2021\/04\/ncbrEng.png"},{"@type":"BreadcrumbList","@id":"https:\/\/reqiu.eu\/grants\/#breadcrumb","itemListElement":[{"@type":"ListItem","position":1,"name":"Home","item":"https:\/\/reqiu.eu\/"},{"@type":"ListItem","position":2,"name":"Grants"}]},{"@type":"WebSite","@id":"https:\/\/reqiu.eu\/#website","url":"https:\/\/reqiu.eu\/","name":"ReQiu\u00ae Personality","description":"Gra do oceny osobowo\u015bci","publisher":{"@id":"https:\/\/reqiu.eu\/#organization"},"potentialAction":[{"@type":"SearchAction","target":{"@type":"EntryPoint","urlTemplate":"https:\/\/reqiu.eu\/?s={search_term_string}"},"query-input":{"@type":"PropertyValueSpecification","valueRequired":true,"valueName":"search_term_string"}}],"inLanguage":"pl-PL"},{"@type":"Organization","@id":"https:\/\/reqiu.eu\/#organization","name":"ReQiu\u00ae Personality","url":"https:\/\/reqiu.eu\/","logo":{"@type":"ImageObject","inLanguage":"pl-PL","@id":"https:\/\/reqiu.eu\/#\/schema\/logo\/image\/","url":"https:\/\/reqiu.eu\/wp-content\/uploads\/2021\/04\/Zaso\u0301b-16.svg","contentUrl":"https:\/\/reqiu.eu\/wp-content\/uploads\/2021\/04\/Zaso\u0301b-16.svg","caption":"ReQiu\u00ae Personality"},"image":{"@id":"https:\/\/reqiu.eu\/#\/schema\/logo\/image\/"}}]}},"_links":{"self":[{"href":"https:\/\/reqiu.eu\/pl\/wp-json\/wp\/v2\/pages\/2793","targetHints":{"allow":["GET"]}}],"collection":[{"href":"https:\/\/reqiu.eu\/pl\/wp-json\/wp\/v2\/pages"}],"about":[{"href":"https:\/\/reqiu.eu\/pl\/wp-json\/wp\/v2\/types\/page"}],"author":[{"embeddable":true,"href":"https:\/\/reqiu.eu\/pl\/wp-json\/wp\/v2\/users\/1"}],"replies":[{"embeddable":true,"href":"https:\/\/reqiu.eu\/pl\/wp-json\/wp\/v2\/comments?post=2793"}],"version-history":[{"count":39,"href":"https:\/\/reqiu.eu\/pl\/wp-json\/wp\/v2\/pages\/2793\/revisions"}],"predecessor-version":[{"id":7422,"href":"https:\/\/reqiu.eu\/pl\/wp-json\/wp\/v2\/pages\/2793\/revisions\/7422"}],"wp:attachment":[{"href":"https:\/\/reqiu.eu\/pl\/wp-json\/wp\/v2\/media?parent=2793"}],"curies":[{"name":"wp","href":"https:\/\/api.w.org\/{rel}","templated":true}]}}