{"id":2765,"date":"2021-04-12T11:26:31","date_gmt":"2021-04-12T09:26:31","guid":{"rendered":"https:\/\/reqiu.eu\/?page_id=2765"},"modified":"2022-01-10T13:56:16","modified_gmt":"2022-01-10T12:56:16","slug":"awards","status":"publish","type":"page","link":"https:\/\/reqiu.eu\/pl\/awards\/","title":{"rendered":"Nagrody"},"content":{"rendered":"\t\t<div data-elementor-type=\"wp-page\" data-elementor-id=\"2765\" class=\"elementor elementor-2765\" data-elementor-post-type=\"page\">\n\t\t\t\t\t\t<section class=\"elementor-section elementor-top-section elementor-element elementor-element-5a0c848 elementor-section-full_width elementor-section-stretched elementor-section-height-default elementor-section-height-default\" data-id=\"5a0c848\" data-element_type=\"section\" data-e-type=\"section\" data-settings=\"{&quot;stretch_section&quot;:&quot;section-stretched&quot;}\">\n\t\t\t\t\t\t<div class=\"elementor-container elementor-column-gap-default\">\n\t\t\t\t\t<div class=\"elementor-column elementor-col-50 elementor-top-column elementor-element elementor-element-54723d0\" data-id=\"54723d0\" data-element_type=\"column\" data-e-type=\"column\">\n\t\t\t<div class=\"elementor-widget-wrap elementor-element-populated\">\n\t\t\t\t\t\t<div class=\"elementor-element elementor-element-0951dd3 elementor-widget elementor-widget-heading\" data-id=\"0951dd3\" data-element_type=\"widget\" data-e-type=\"widget\" data-widget_type=\"heading.default\">\n\t\t\t\t<div class=\"elementor-widget-container\">\n\t\t\t\t\t<h2 class=\"elementor-heading-title elementor-size-default\">POLISH INNOVATION\nAWARD 2021<\/h2>\t\t\t\t<\/div>\n\t\t\t\t<\/div>\n\t\t\t\t<div class=\"elementor-element elementor-element-d2f9a11 elementor-widget elementor-widget-text-editor\" data-id=\"d2f9a11\" data-element_type=\"widget\" data-e-type=\"widget\" data-widget_type=\"text-editor.default\">\n\t\t\t\t<div class=\"elementor-widget-container\">\n\t\t\t\t\t\t\t\t\t<div><div><div><p>During <strong>VIII Polski Kongres Przedsi\u0119biorczo\u015bci<\/strong> in the program run by the Polish Agency of Entrepreneurship and the editors of Forum Entrepreneurship and Business Plus, we have been awarded <strong>POLISH INNOVATION AWARD 2021<\/strong>.<\/p><\/div><div class=\"o9v6fnle cxmmr5t8 oygrvhab hcukyx3x c1et5uql ii04i59q\"><div dir=\"auto\">Thank you very much for this exceptional award, confirming the quality and uniqueness of <strong>ReQiu<\/strong>.<\/div><\/div><\/div><\/div>\t\t\t\t\t\t\t\t<\/div>\n\t\t\t\t<\/div>\n\t\t\t\t\t<\/div>\n\t\t<\/div>\n\t\t\t\t<div class=\"elementor-column elementor-col-50 elementor-top-column elementor-element elementor-element-bad686d\" data-id=\"bad686d\" data-element_type=\"column\" data-e-type=\"column\" data-settings=\"{&quot;background_background&quot;:&quot;classic&quot;}\">\n\t\t\t<div class=\"elementor-widget-wrap elementor-element-populated\">\n\t\t\t\t\t\t<div class=\"elementor-element elementor-element-797f6c5 elementor-widget elementor-widget-spacer\" data-id=\"797f6c5\" data-element_type=\"widget\" data-e-type=\"widget\" data-widget_type=\"spacer.default\">\n\t\t\t\t<div class=\"elementor-widget-container\">\n\t\t\t\t\t\t\t<div class=\"elementor-spacer\">\n\t\t\t<div class=\"elementor-spacer-inner\"><\/div>\n\t\t<\/div>\n\t\t\t\t\t\t<\/div>\n\t\t\t\t<\/div>\n\t\t\t\t\t<\/div>\n\t\t<\/div>\n\t\t\t\t\t<\/div>\n\t\t<\/section>\n\t\t\t\t<section class=\"elementor-section elementor-top-section elementor-element elementor-element-758290c elementor-section-full_width elementor-section-stretched elementor-section-height-default elementor-section-height-default\" data-id=\"758290c\" data-element_type=\"section\" data-e-type=\"section\" data-settings=\"{&quot;stretch_section&quot;:&quot;section-stretched&quot;}\">\n\t\t\t\t\t\t<div class=\"elementor-container elementor-column-gap-default\">\n\t\t\t\t\t<div class=\"elementor-column elementor-col-50 elementor-top-column elementor-element elementor-element-a53b268\" data-id=\"a53b268\" data-element_type=\"column\" data-e-type=\"column\" data-settings=\"{&quot;background_background&quot;:&quot;classic&quot;}\">\n\t\t\t<div class=\"elementor-widget-wrap elementor-element-populated\">\n\t\t\t\t\t\t<div class=\"elementor-element elementor-element-59054b1 elementor-widget elementor-widget-image\" data-id=\"59054b1\" data-element_type=\"widget\" data-e-type=\"widget\" data-widget_type=\"image.default\">\n\t\t\t\t<div class=\"elementor-widget-container\">\n\t\t\t\t\t\t\t\t\t\t\t\t\t\t\t<img fetchpriority=\"high\" decoding=\"async\" width=\"1024\" height=\"520\" src=\"https:\/\/reqiu.eu\/wp-content\/uploads\/2021\/04\/polskaNagrodaInnowacyjnosci.jpg\" class=\"attachment-large size-large wp-image-2771\" alt=\"\" srcset=\"https:\/\/reqiu.eu\/wp-content\/uploads\/2021\/04\/polskaNagrodaInnowacyjnosci.jpg 1024w, https:\/\/reqiu.eu\/wp-content\/uploads\/2021\/04\/polskaNagrodaInnowacyjnosci-300x152.jpg 300w, https:\/\/reqiu.eu\/wp-content\/uploads\/2021\/04\/polskaNagrodaInnowacyjnosci-768x390.jpg 768w\" sizes=\"(max-width: 1024px) 100vw, 1024px\" \/>\t\t\t\t\t\t\t\t\t\t\t\t\t\t\t<\/div>\n\t\t\t\t<\/div>\n\t\t\t\t\t<\/div>\n\t\t<\/div>\n\t\t\t\t<div class=\"elementor-column elementor-col-50 elementor-top-column elementor-element elementor-element-46460b7\" data-id=\"46460b7\" data-element_type=\"column\" data-e-type=\"column\" data-settings=\"{&quot;background_background&quot;:&quot;classic&quot;}\">\n\t\t\t<div class=\"elementor-widget-wrap elementor-element-populated\">\n\t\t\t\t\t\t<div class=\"elementor-element elementor-element-5243f69 elementor-widget elementor-widget-spacer\" data-id=\"5243f69\" data-element_type=\"widget\" data-e-type=\"widget\" data-widget_type=\"spacer.default\">\n\t\t\t\t<div class=\"elementor-widget-container\">\n\t\t\t\t\t\t\t<div class=\"elementor-spacer\">\n\t\t\t<div class=\"elementor-spacer-inner\"><\/div>\n\t\t<\/div>\n\t\t\t\t\t\t<\/div>\n\t\t\t\t<\/div>\n\t\t\t\t<div class=\"elementor-element elementor-element-427696a elementor-widget elementor-widget-heading\" data-id=\"427696a\" data-element_type=\"widget\" data-e-type=\"widget\" data-widget_type=\"heading.default\">\n\t\t\t\t<div class=\"elementor-widget-container\">\n\t\t\t\t\t<h2 class=\"elementor-heading-title elementor-size-default\">POLISH INNOVATION AWARD<\/h2>\t\t\t\t<\/div>\n\t\t\t\t<\/div>\n\t\t\t\t<div class=\"elementor-element elementor-element-f1bc2dc elementor-widget elementor-widget-spacer\" data-id=\"f1bc2dc\" data-element_type=\"widget\" data-e-type=\"widget\" data-widget_type=\"spacer.default\">\n\t\t\t\t<div class=\"elementor-widget-container\">\n\t\t\t\t\t\t\t<div class=\"elementor-spacer\">\n\t\t\t<div class=\"elementor-spacer-inner\"><\/div>\n\t\t<\/div>\n\t\t\t\t\t\t<\/div>\n\t\t\t\t<\/div>\n\t\t\t\t<div class=\"elementor-element elementor-element-bc1dee1 elementor-widget elementor-widget-text-editor\" data-id=\"bc1dee1\" data-element_type=\"widget\" data-e-type=\"widget\" data-widget_type=\"text-editor.default\">\n\t\t\t\t<div class=\"elementor-widget-container\">\n\t\t\t\t\t\t\t\t\t<div class=\"wpb_text_column wpb_content_element vc_custom_1614102031889\"><div class=\"wpb_wrapper\"><div class=\"wpb_text_column wpb_content_element vc_custom_1614102424387\"><div class=\"wpb_wrapper\"><p>We are pleased to announce that ReQiu won the <strong>POLISH INNOVATION AWARD 2020<\/strong> in the program run by the Polish Agency for Entrepreneurship and the editors of Forum Przedsi\u0119biorczo\u015bci i Biznes Plus.<\/p><p>\u00a0<\/p><p>Thank you!<\/p><\/div><\/div><p><span class=\"s1\">\u00a0<\/span><\/p><\/div><\/div>\t\t\t\t\t\t\t\t<\/div>\n\t\t\t\t<\/div>\n\t\t\t\t<div class=\"elementor-element elementor-element-ff9cd96 elementor-widget elementor-widget-spacer\" data-id=\"ff9cd96\" data-element_type=\"widget\" data-e-type=\"widget\" data-widget_type=\"spacer.default\">\n\t\t\t\t<div class=\"elementor-widget-container\">\n\t\t\t\t\t\t\t<div class=\"elementor-spacer\">\n\t\t\t<div class=\"elementor-spacer-inner\"><\/div>\n\t\t<\/div>\n\t\t\t\t\t\t<\/div>\n\t\t\t\t<\/div>\n\t\t\t\t\t<\/div>\n\t\t<\/div>\n\t\t\t\t\t<\/div>\n\t\t<\/section>\n\t\t\t\t<section class=\"elementor-section elementor-top-section elementor-element elementor-element-d10b5a3 elementor-section-content-top elementor-section-stretched elementor-section-full_width elementor-section-height-default elementor-section-height-default\" data-id=\"d10b5a3\" data-element_type=\"section\" data-e-type=\"section\" data-settings=\"{&quot;stretch_section&quot;:&quot;section-stretched&quot;}\" data-no-translation=\"\">\n\t\t\t\t\t\t<div class=\"elementor-container elementor-column-gap-no\">\n\t\t\t\t\t<div class=\"elementor-column elementor-col-100 elementor-top-column elementor-element elementor-element-9a4bdc1\" data-id=\"9a4bdc1\" data-element_type=\"column\" data-e-type=\"column\">\n\t\t\t<div class=\"elementor-widget-wrap elementor-element-populated\">\n\t\t\t\t\t\t<div class=\"elementor-element elementor-element-fe02091 elementor-widget elementor-widget-slider_revolution\" data-id=\"fe02091\" data-element_type=\"widget\" data-e-type=\"widget\" data-widget_type=\"slider_revolution.default\">\n\t\t\t\t<div class=\"elementor-widget-container\">\n\t\t\t\t\t\n\t\t<div class=\"wp-block-themepunch-revslider\">\n\t\t\t<!-- START nominacje REVOLUTION SLIDER 6.7.38 --><p class=\"rs-p-wp-fix\"><\/p>\n\t\t\t<rs-module-wrap id=\"rev_slider_6_1_wrapper\" data-source=\"gallery\" style=\"visibility:hidden;background:transparent;padding:0;margin:0px auto;margin-top:0;margin-bottom:0;\">\n\t\t\t\t<rs-module id=\"rev_slider_6_1\" style=\"\" data-version=\"6.7.38\">\n\t\t\t\t\t<rs-slides style=\"overflow: hidden; position: absolute;\">\n\t\t\t\t\t\t<rs-slide style=\"position: absolute;\" data-key=\"rs-10\" data-title=\"Intro\" data-anim=\"ms:1500;r:0;\" data-in=\"y:(100%);\">\n\t\t\t\t\t\t\t<img decoding=\"async\" src=\"\/\/reqiu.eu\/wp-content\/plugins\/revslider\/sr6\/assets\/assets\/dummy.png\" alt=\"\" title=\"bgWhite-scaled.jpg\" width=\"2560\" height=\"1105\" class=\"rev-slidebg tp-rs-img rs-lazyload\" data-lazyload=\"\/\/reqiu.eu\/wp-content\/uploads\/revslider\/try-IT-Eng\/bgWhite-scaled.jpg\" data-no-retina>\n<!--\n\t\t\t\t\t\t\t--><rs-layer\n\t\t\t\t\t\t\t\tid=\"slider-6-slide-10-layer-4\" \n\t\t\t\t\t\t\t\tdata-type=\"image\"\n\t\t\t\t\t\t\t\tdata-rsp_ch=\"on\"\n\t\t\t\t\t\t\t\tdata-xy=\"x:l,l,l,c;xo:823px,703px,439px,2px;y:t,t,m,b;yo:130px,291px,315px,121px;\"\n\t\t\t\t\t\t\t\tdata-text=\"l:22;\"\n\t\t\t\t\t\t\t\tdata-dim=\"w:290px,290px,184px,115px;h:410px,374px,260px,148px;\"\n\t\t\t\t\t\t\t\tdata-frame_0=\"sX:1.5;sY:1.5;\"\n\t\t\t\t\t\t\t\tdata-frame_0_mask=\"u:t;\"\n\t\t\t\t\t\t\t\tdata-frame_1=\"e:power3.out;st:4360;sp:1500;sR:4360;\"\n\t\t\t\t\t\t\t\tdata-frame_1_mask=\"u:t;\"\n\t\t\t\t\t\t\t\tdata-frame_999=\"o:0;e:power4.in;st:w;sp:1500;sR:3140;\"\n\t\t\t\t\t\t\t\tstyle=\"z-index:9;\"\n\t\t\t\t\t\t\t><img decoding=\"async\" src=\"\/\/reqiu.eu\/wp-content\/plugins\/revslider\/sr6\/assets\/assets\/dummy.png\" alt=\"\" class=\"tp-rs-img rs-lazyload\" width=\"1000\" height=\"1415\" data-lazyload=\"\/\/reqiu.eu\/wp-content\/uploads\/revslider\/nominacjeENG\/nominacja2.jpg\" data-no-retina> \n\t\t\t\t\t\t\t<\/rs-layer><!--\n\n\t\t\t\t\t\t\t--><rs-layer\n\t\t\t\t\t\t\t\tid=\"slider-6-slide-10-layer-7\" \n\t\t\t\t\t\t\t\tclass=\"WebProduct-Title-Light\"\n\t\t\t\t\t\t\t\tdata-type=\"text\"\n\t\t\t\t\t\t\t\tdata-color=\"#102f3d\"\n\t\t\t\t\t\t\t\tdata-rsp_ch=\"on\"\n\t\t\t\t\t\t\t\tdata-xy=\"xo:128px,128px,200px,48px;y:m,m,t,t;yo:-97px,-97px,39px,23px;\"\n\t\t\t\t\t\t\t\tdata-text=\"s:80,80,75,75;l:90,90,75,70;fw:300,300,100,100;a:right;\"\n\t\t\t\t\t\t\t\tdata-frame_0=\"x:-50px;\"\n\t\t\t\t\t\t\t\tdata-frame_1=\"e:power2.out;st:1000;sp:1000;sR:1000;\"\n\t\t\t\t\t\t\t\tdata-frame_999=\"o:0;e:power4.in;st:w;sp:1500;sR:7000;\"\n\t\t\t\t\t\t\t\tstyle=\"z-index:14;font-family:'Lato';\"\n\t\t\t\t\t\t\t>Nasze<br\/>Nominacje \n\t\t\t\t\t\t\t<\/rs-layer><!--\n\n\t\t\t\t\t\t\t--><rs-layer\n\t\t\t\t\t\t\t\tid=\"slider-6-slide-10-layer-9\" \n\t\t\t\t\t\t\t\tclass=\"WebProduct-Content-Light\"\n\t\t\t\t\t\t\t\tdata-type=\"text\"\n\t\t\t\t\t\t\t\tdata-color=\"#096068||rgba(255,255,255,0.65)||rgba(24, 156, 181, 0.65)||rgba(24, 156, 181, 0.65)\"\n\t\t\t\t\t\t\t\tdata-rsp_ch=\"on\"\n\t\t\t\t\t\t\t\tdata-xy=\"x:l,l,l,c;xo:126px,30px,200px,0;y:m,m,t,t;yo:86px,127px,231px,185px;\"\n\t\t\t\t\t\t\t\tdata-text=\"w:normal;s:17,16,16,14;l:25,24,24,22;a:inherit;\"\n\t\t\t\t\t\t\t\tdata-dim=\"w:385px,356px,334px,277px;h:152px,auto,76px,68px;\"\n\t\t\t\t\t\t\t\tdata-frame_0=\"x:-52px;\"\n\t\t\t\t\t\t\t\tdata-frame_1=\"e:power2.out;st:1500;sp:1000;sR:1500;\"\n\t\t\t\t\t\t\t\tdata-frame_999=\"o:0;e:power4.in;st:w;sp:1500;sR:6500;\"\n\t\t\t\t\t\t\t\tstyle=\"z-index:15;font-family:'Lato';\"\n\t\t\t\t\t\t\t>Z wielk\u0105 przyjemno\u015bci\u0105 informujemy, \u017ce ReQiu otrzyma\u0142o w 2020 roku a\u017c 3 nominacje do nagr\u00f3d: \nPolska nagroda inteligentnego rozwoju 2020, \nSymbol Wsparcia Biznesu 2020,\nPolska nagroda innowacyjno\u015bci 2020.\n \n\t\t\t\t\t\t\t<\/rs-layer><!--\n\n\t\t\t\t\t\t\t--><rs-layer\n\t\t\t\t\t\t\t\tid=\"slider-6-slide-10-layer-36\" \n\t\t\t\t\t\t\t\tdata-type=\"image\"\n\t\t\t\t\t\t\t\tdata-rsp_ch=\"on\"\n\t\t\t\t\t\t\t\tdata-xy=\"x:l,l,l,c;xo:1082px,703px,95px,147px;y:t,t,m,b;yo:28px,291px,59px,24px;\"\n\t\t\t\t\t\t\t\tdata-text=\"l:22;\"\n\t\t\t\t\t\t\t\tdata-dim=\"w:290px,290px,184px,115px;h:410px,374px,260px,148px;\"\n\t\t\t\t\t\t\t\tdata-frame_0=\"sX:1.5;sY:1.5;\"\n\t\t\t\t\t\t\t\tdata-frame_0_mask=\"u:t;\"\n\t\t\t\t\t\t\t\tdata-frame_1=\"e:power3.out;st:3700;sp:1500;sR:3700;\"\n\t\t\t\t\t\t\t\tdata-frame_1_mask=\"u:t;\"\n\t\t\t\t\t\t\t\tdata-frame_999=\"o:0;e:power4.in;st:w;sp:1500;sR:3800;\"\n\t\t\t\t\t\t\t\tstyle=\"z-index:8;\"\n\t\t\t\t\t\t\t><img loading=\"lazy\" decoding=\"async\" src=\"\/\/reqiu.eu\/wp-content\/plugins\/revslider\/sr6\/assets\/assets\/dummy.png\" alt=\"\" class=\"tp-rs-img rs-lazyload\" width=\"1000\" height=\"1415\" data-lazyload=\"\/\/reqiu.eu\/wp-content\/uploads\/revslider\/nominacjeENG\/nominacja3.jpg\" data-no-retina> \n\t\t\t\t\t\t\t<\/rs-layer><!--\n\n\t\t\t\t\t\t\t--><rs-layer\n\t\t\t\t\t\t\t\tid=\"slider-6-slide-10-layer-37\" \n\t\t\t\t\t\t\t\tdata-type=\"image\"\n\t\t\t\t\t\t\t\tdata-rsp_ch=\"on\"\n\t\t\t\t\t\t\t\tdata-xy=\"x:l,l,l,c;xo:558px,703px,266px,-144px;y:t,t,m,b;yo:227px,291px,197px,239px;\"\n\t\t\t\t\t\t\t\tdata-text=\"l:22;\"\n\t\t\t\t\t\t\t\tdata-dim=\"w:290px,290px,184px,115px;h:410px,374px,260px,148px;\"\n\t\t\t\t\t\t\t\tdata-frame_0=\"sX:1.5;sY:1.5;\"\n\t\t\t\t\t\t\t\tdata-frame_0_mask=\"u:t;\"\n\t\t\t\t\t\t\t\tdata-frame_1=\"e:power3.out;st:4970;sp:1500;sR:4970;\"\n\t\t\t\t\t\t\t\tdata-frame_1_mask=\"u:t;\"\n\t\t\t\t\t\t\t\tdata-frame_999=\"o:0;e:power4.in;st:w;sp:1500;sR:2530;\"\n\t\t\t\t\t\t\t\tstyle=\"z-index:10;\"\n\t\t\t\t\t\t\t><img loading=\"lazy\" decoding=\"async\" src=\"\/\/reqiu.eu\/wp-content\/plugins\/revslider\/sr6\/assets\/assets\/dummy.png\" alt=\"\" class=\"tp-rs-img rs-lazyload\" width=\"1000\" height=\"1415\" data-lazyload=\"\/\/reqiu.eu\/wp-content\/uploads\/revslider\/nominacjeENG\/nominacja1.jpg\" data-no-retina> \n\t\t\t\t\t\t\t<\/rs-layer><!--\n-->\t\t\t\t\t<\/rs-slide>\n\t\t\t\t\t<\/rs-slides>\n\t\t\t\t\t<rs-static-layers><!--\n\n\t\t\t\t\t\t\t--><rs-layer\n\t\t\t\t\t\t\t\tid=\"slider-6-slide-6-layer-1\" \n\t\t\t\t\t\t\t\tclass=\"- rs-layer-static\"\n\t\t\t\t\t\t\t\tdata-type=\"text\"\n\t\t\t\t\t\t\t\tdata-color=\"rgba(255,255,255,1)\"\n\t\t\t\t\t\t\t\tdata-xy=\"x:r;xo:30px;yo:30px;\"\n\t\t\t\t\t\t\t\tdata-text=\"l:22;\"\n\t\t\t\t\t\t\t\tdata-basealign=\"slide\"\n\t\t\t\t\t\t\t\tdata-rsp_o=\"off\"\n\t\t\t\t\t\t\t\tdata-rsp_bd=\"off\"\n\t\t\t\t\t\t\t\tdata-onslides=\"s:-1;e:-1;\"\n\t\t\t\t\t\t\t\tdata-frame_1=\"st:500;sp:1000;\"\n\t\t\t\t\t\t\t\tdata-frame_999=\"st:w;sp:1000;auto:true;\"\n\t\t\t\t\t\t\t\tstyle=\"z-index:5;font-family:'Roboto';\"\n\t\t\t\t\t\t\t><div id=\"rev-burger\" class=\"white\">\n  <span><\/span>\n  <span><\/span>\n  <span><\/span>\n<\/div> \n\t\t\t\t\t\t\t<\/rs-layer><!--\n\t\t\t\t\t--><\/rs-static-layers>\n\t\t\t\t<\/rs-module>\n\t\t\t\t<script>\n\t\t\t\t\tsetREVStartSize({c: 'rev_slider_6_1',rl:[1240,1024,778,480],el:[700,768,960,720],gw:[1400,1240,778,480],gh:[700,600,960,720],type:'hero',justify:'',layout:'fullwidth',mh:\"0\"});if (window.RS_MODULES!==undefined && window.RS_MODULES.modules!==undefined && window.RS_MODULES.modules[\"revslider61\"]!==undefined) {window.RS_MODULES.modules[\"revslider61\"].once = false;window.revapi6 = undefined;if (window.RS_MODULES.checkMinimal!==undefined) window.RS_MODULES.checkMinimal()}\n\t\t\t\t<\/script>\n\t\t\t<\/rs-module-wrap>\n\t\t\t<!-- END REVOLUTION SLIDER -->\n<\/div>\n\n\t\t\t\t\t\t<\/div>\n\t\t\t\t<\/div>\n\t\t\t\t\t<\/div>\n\t\t<\/div>\n\t\t\t\t\t<\/div>\n\t\t<\/section>\n\t\t\t\t<\/div>\n\t\t","protected":false},"excerpt":{"rendered":"<p>POLISH INNOVATION AWARD 2021 During VIII Polski Kongres Przedsi\u0119biorczo\u015bci in the program run by the Polish Agency of Entrepreneurship and the editors of Forum Entrepreneurship and Business Plus, we have been awarded POLISH INNOVATION AWARD 2021. Thank you very much for this exceptional award, confirming the quality and uniqueness of ReQiu. POLISH INNOVATION AWARD We&hellip;<\/p>","protected":false},"author":1,"featured_media":0,"parent":0,"menu_order":0,"comment_status":"closed","ping_status":"closed","template":"","meta":{"inline_featured_image":false,"footnotes":""},"class_list":["post-2765","page","type-page","status-publish","hentry"],"yoast_head":"<!-- This site is optimized with the Yoast SEO plugin v27.3 - https:\/\/yoast.com\/product\/yoast-seo-wordpress\/ -->\n<title>Awards - ReQiu\u00ae Personality<\/title>\n<meta name=\"robots\" content=\"index, follow, max-snippet:-1, max-image-preview:large, max-video-preview:-1\" \/>\n<link rel=\"canonical\" href=\"https:\/\/reqiu.eu\/pl\/awards\/\" \/>\n<meta property=\"og:locale\" content=\"pl_PL\" \/>\n<meta property=\"og:type\" content=\"article\" \/>\n<meta property=\"og:title\" content=\"Awards - ReQiu\u00ae Personality\" \/>\n<meta property=\"og:description\" content=\"POLISH INNOVATION AWARD 2021 During VIII Polski Kongres Przedsi\u0119biorczo\u015bci in the program run by the Polish Agency of Entrepreneurship and the editors of Forum Entrepreneurship and Business Plus, we have been awarded POLISH INNOVATION AWARD 2021. Thank you very much for this exceptional award, confirming the quality and uniqueness of ReQiu. POLISH INNOVATION AWARD We&hellip;\" \/>\n<meta property=\"og:url\" content=\"https:\/\/reqiu.eu\/pl\/awards\/\" \/>\n<meta property=\"og:site_name\" content=\"ReQiu\u00ae Personality\" \/>\n<meta property=\"article:modified_time\" content=\"2022-01-10T12:56:16+00:00\" \/>\n<meta property=\"og:image\" content=\"https:\/\/reqiu.eu\/wp-content\/uploads\/2021\/04\/polskaNagrodaInnowacyjnosci.jpg\" \/>\n<meta name=\"twitter:card\" content=\"summary_large_image\" \/>\n<meta name=\"twitter:label1\" content=\"Szacowany czas czytania\" \/>\n\t<meta name=\"twitter:data1\" content=\"4 minuty\" \/>\n<script type=\"application\/ld+json\" class=\"yoast-schema-graph\">{\"@context\":\"https:\\\/\\\/schema.org\",\"@graph\":[{\"@type\":\"WebPage\",\"@id\":\"https:\\\/\\\/reqiu.eu\\\/awards\\\/\",\"url\":\"https:\\\/\\\/reqiu.eu\\\/awards\\\/\",\"name\":\"Awards - ReQiu\u00ae Personality\",\"isPartOf\":{\"@id\":\"https:\\\/\\\/reqiu.eu\\\/#website\"},\"primaryImageOfPage\":{\"@id\":\"https:\\\/\\\/reqiu.eu\\\/awards\\\/#primaryimage\"},\"image\":{\"@id\":\"https:\\\/\\\/reqiu.eu\\\/awards\\\/#primaryimage\"},\"thumbnailUrl\":\"https:\\\/\\\/reqiu.eu\\\/wp-content\\\/uploads\\\/2021\\\/04\\\/polskaNagrodaInnowacyjnosci.jpg\",\"datePublished\":\"2021-04-12T09:26:31+00:00\",\"dateModified\":\"2022-01-10T12:56:16+00:00\",\"breadcrumb\":{\"@id\":\"https:\\\/\\\/reqiu.eu\\\/awards\\\/#breadcrumb\"},\"inLanguage\":\"pl-PL\",\"potentialAction\":[{\"@type\":\"ReadAction\",\"target\":[\"https:\\\/\\\/reqiu.eu\\\/awards\\\/\"]}]},{\"@type\":\"ImageObject\",\"inLanguage\":\"pl-PL\",\"@id\":\"https:\\\/\\\/reqiu.eu\\\/awards\\\/#primaryimage\",\"url\":\"https:\\\/\\\/reqiu.eu\\\/wp-content\\\/uploads\\\/2021\\\/04\\\/polskaNagrodaInnowacyjnosci.jpg\",\"contentUrl\":\"https:\\\/\\\/reqiu.eu\\\/wp-content\\\/uploads\\\/2021\\\/04\\\/polskaNagrodaInnowacyjnosci.jpg\"},{\"@type\":\"BreadcrumbList\",\"@id\":\"https:\\\/\\\/reqiu.eu\\\/awards\\\/#breadcrumb\",\"itemListElement\":[{\"@type\":\"ListItem\",\"position\":1,\"name\":\"Home\",\"item\":\"https:\\\/\\\/reqiu.eu\\\/\"},{\"@type\":\"ListItem\",\"position\":2,\"name\":\"Awards\"}]},{\"@type\":\"WebSite\",\"@id\":\"https:\\\/\\\/reqiu.eu\\\/#website\",\"url\":\"https:\\\/\\\/reqiu.eu\\\/\",\"name\":\"ReQiu\u00ae Personality\",\"description\":\"Game-based assessment\",\"publisher\":{\"@id\":\"https:\\\/\\\/reqiu.eu\\\/#organization\"},\"potentialAction\":[{\"@type\":\"SearchAction\",\"target\":{\"@type\":\"EntryPoint\",\"urlTemplate\":\"https:\\\/\\\/reqiu.eu\\\/?s={search_term_string}\"},\"query-input\":{\"@type\":\"PropertyValueSpecification\",\"valueRequired\":true,\"valueName\":\"search_term_string\"}}],\"inLanguage\":\"pl-PL\"},{\"@type\":\"Organization\",\"@id\":\"https:\\\/\\\/reqiu.eu\\\/#organization\",\"name\":\"ReQiu\u00ae Personality\",\"url\":\"https:\\\/\\\/reqiu.eu\\\/\",\"logo\":{\"@type\":\"ImageObject\",\"inLanguage\":\"pl-PL\",\"@id\":\"https:\\\/\\\/reqiu.eu\\\/#\\\/schema\\\/logo\\\/image\\\/\",\"url\":\"https:\\\/\\\/reqiu.eu\\\/wp-content\\\/uploads\\\/2021\\\/04\\\/Zaso\u0301b-16.svg\",\"contentUrl\":\"https:\\\/\\\/reqiu.eu\\\/wp-content\\\/uploads\\\/2021\\\/04\\\/Zaso\u0301b-16.svg\",\"caption\":\"ReQiu\u00ae Personality\"},\"image\":{\"@id\":\"https:\\\/\\\/reqiu.eu\\\/#\\\/schema\\\/logo\\\/image\\\/\"}}]}<\/script>\n<!-- \/ Yoast SEO plugin. -->","yoast_head_json":{"title":"Awards - ReQiu\u00ae Personality","robots":{"index":"index","follow":"follow","max-snippet":"max-snippet:-1","max-image-preview":"max-image-preview:large","max-video-preview":"max-video-preview:-1"},"canonical":"https:\/\/reqiu.eu\/pl\/awards\/","og_locale":"pl_PL","og_type":"article","og_title":"Awards - ReQiu\u00ae Personality","og_description":"POLISH INNOVATION AWARD 2021 During VIII Polski Kongres Przedsi\u0119biorczo\u015bci in the program run by the Polish Agency of Entrepreneurship and the editors of Forum Entrepreneurship and Business Plus, we have been awarded POLISH INNOVATION AWARD 2021. Thank you very much for this exceptional award, confirming the quality and uniqueness of ReQiu. POLISH INNOVATION AWARD We&hellip;","og_url":"https:\/\/reqiu.eu\/pl\/awards\/","og_site_name":"ReQiu\u00ae Personality","article_modified_time":"2022-01-10T12:56:16+00:00","og_image":[{"url":"https:\/\/reqiu.eu\/wp-content\/uploads\/2021\/04\/polskaNagrodaInnowacyjnosci.jpg","type":"","width":"","height":""}],"twitter_card":"summary_large_image","twitter_misc":{"Szacowany czas czytania":"4 minuty"},"schema":{"@context":"https:\/\/schema.org","@graph":[{"@type":"WebPage","@id":"https:\/\/reqiu.eu\/awards\/","url":"https:\/\/reqiu.eu\/awards\/","name":"Awards - ReQiu\u00ae Personality","isPartOf":{"@id":"https:\/\/reqiu.eu\/#website"},"primaryImageOfPage":{"@id":"https:\/\/reqiu.eu\/awards\/#primaryimage"},"image":{"@id":"https:\/\/reqiu.eu\/awards\/#primaryimage"},"thumbnailUrl":"https:\/\/reqiu.eu\/wp-content\/uploads\/2021\/04\/polskaNagrodaInnowacyjnosci.jpg","datePublished":"2021-04-12T09:26:31+00:00","dateModified":"2022-01-10T12:56:16+00:00","breadcrumb":{"@id":"https:\/\/reqiu.eu\/awards\/#breadcrumb"},"inLanguage":"pl-PL","potentialAction":[{"@type":"ReadAction","target":["https:\/\/reqiu.eu\/awards\/"]}]},{"@type":"ImageObject","inLanguage":"pl-PL","@id":"https:\/\/reqiu.eu\/awards\/#primaryimage","url":"https:\/\/reqiu.eu\/wp-content\/uploads\/2021\/04\/polskaNagrodaInnowacyjnosci.jpg","contentUrl":"https:\/\/reqiu.eu\/wp-content\/uploads\/2021\/04\/polskaNagrodaInnowacyjnosci.jpg"},{"@type":"BreadcrumbList","@id":"https:\/\/reqiu.eu\/awards\/#breadcrumb","itemListElement":[{"@type":"ListItem","position":1,"name":"Home","item":"https:\/\/reqiu.eu\/"},{"@type":"ListItem","position":2,"name":"Awards"}]},{"@type":"WebSite","@id":"https:\/\/reqiu.eu\/#website","url":"https:\/\/reqiu.eu\/","name":"ReQiu\u00ae Personality","description":"Gra do oceny osobowo\u015bci","publisher":{"@id":"https:\/\/reqiu.eu\/#organization"},"potentialAction":[{"@type":"SearchAction","target":{"@type":"EntryPoint","urlTemplate":"https:\/\/reqiu.eu\/?s={search_term_string}"},"query-input":{"@type":"PropertyValueSpecification","valueRequired":true,"valueName":"search_term_string"}}],"inLanguage":"pl-PL"},{"@type":"Organization","@id":"https:\/\/reqiu.eu\/#organization","name":"ReQiu\u00ae Personality","url":"https:\/\/reqiu.eu\/","logo":{"@type":"ImageObject","inLanguage":"pl-PL","@id":"https:\/\/reqiu.eu\/#\/schema\/logo\/image\/","url":"https:\/\/reqiu.eu\/wp-content\/uploads\/2021\/04\/Zaso\u0301b-16.svg","contentUrl":"https:\/\/reqiu.eu\/wp-content\/uploads\/2021\/04\/Zaso\u0301b-16.svg","caption":"ReQiu\u00ae Personality"},"image":{"@id":"https:\/\/reqiu.eu\/#\/schema\/logo\/image\/"}}]}},"_links":{"self":[{"href":"https:\/\/reqiu.eu\/pl\/wp-json\/wp\/v2\/pages\/2765","targetHints":{"allow":["GET"]}}],"collection":[{"href":"https:\/\/reqiu.eu\/pl\/wp-json\/wp\/v2\/pages"}],"about":[{"href":"https:\/\/reqiu.eu\/pl\/wp-json\/wp\/v2\/types\/page"}],"author":[{"embeddable":true,"href":"https:\/\/reqiu.eu\/pl\/wp-json\/wp\/v2\/users\/1"}],"replies":[{"embeddable":true,"href":"https:\/\/reqiu.eu\/pl\/wp-json\/wp\/v2\/comments?post=2765"}],"version-history":[{"count":39,"href":"https:\/\/reqiu.eu\/pl\/wp-json\/wp\/v2\/pages\/2765\/revisions"}],"predecessor-version":[{"id":7419,"href":"https:\/\/reqiu.eu\/pl\/wp-json\/wp\/v2\/pages\/2765\/revisions\/7419"}],"wp:attachment":[{"href":"https:\/\/reqiu.eu\/pl\/wp-json\/wp\/v2\/media?parent=2765"}],"curies":[{"name":"wp","href":"https:\/\/api.w.org\/{rel}","templated":true}]}}